{"id":314,"date":"2020-07-28T22:48:42","date_gmt":"2020-07-29T01:48:42","guid":{"rendered":"https:\/\/lenhagrill.com.br\/loja\/?page_id=314"},"modified":"2020-07-28T22:55:55","modified_gmt":"2020-07-29T01:55:55","slug":"politica-de-privacidade","status":"publish","type":"page","link":"https:\/\/lenhagrill.com.br\/loja\/politica-de-privacidade\/","title":{"rendered":"Pol\u00edtica de Privacidade"},"content":{"rendered":"<p><strong>POL\u00cdTICA DE PRIVACIDADE<\/strong><\/p>\n<p>1) Obten\u00e7\u00e3o e Armazenamento dos dados.<\/p>\n<p>1.1.A Lenha Grill zela pela seguran\u00e7a e privacidade de seus clientes, portanto todas as informa\u00e7\u00f5es fornecidas durante a navega\u00e7\u00e3o e compra no site s\u00e3o armazenadas de forma autom\u00e1tica no banco de dados, n\u00e3o sendo vendidas, trocadas ou divulgadas \u00e0 terceiros \u2013 exceto quando estas informa\u00e7\u00f5es forem necess\u00e1rias para processo de entrega, cobran\u00e7a, participa\u00e7\u00e3o de promo\u00e7\u00f5es solicitadas pelos clientes, confirma\u00e7\u00e3o de dados objetivando a seguran\u00e7a na finaliza\u00e7\u00e3o da compra, ordem judicial e administrativa.<\/p>\n<p>1.1.1. Para a preserva\u00e7\u00e3o de seus dados, a Lenha Grill n\u00e3o aconselha a divulga\u00e7\u00e3o de senha a terceiros, mesmo que familiares ou amigos.<\/p>\n<p>1.2. A Lenha Grill tamb\u00e9m poder\u00e1 utilizar outras tecnologias padr\u00f5es as quais coletam informa\u00e7\u00f5es para melhorar a experi\u00eancia de navega\u00e7\u00e3o do usu\u00e1rio, baseada nos h\u00e1bitos e prefer\u00eancias deste, como os Cookies, que s\u00e3o os dados enviados para o navegador do usu\u00e1rio ap\u00f3s acesso ao site Lenha Grill. Recordando que, para bloqueios dos Cookies, caber\u00e1 ao pr\u00f3prio visitante\/usu\u00e1rio configurar o seu navegador.<\/p>\n<p>1.2.1. O usu\u00e1rio consente que a Lenha Grill utilize as informa\u00e7\u00f5es para realiza\u00e7\u00e3o de marketing direto.<\/p>\n<p>2) Disposi\u00e7\u00f5es Finais<\/p>\n<p>2.1. O conte\u00fado constante nesta Pol\u00edtica de Privacidade poder\u00e1 ser atualizado ou modificado a qualquer momento, cabendo aos usu\u00e1rios verific\u00e1-lo sempre que efetuar o acesso ao site.<\/p>\n<p>2.2. O usu\u00e1rio, ao colocar informa\u00e7\u00f5es em uma \u00e1rea p\u00fablica da Lenha Grill, est\u00e1 ciente de que elas estar\u00e3o dispon\u00edveis a outros visitantes e usu\u00e1rios do site.<\/p>\n<p>2.3. Caso persistir d\u00favida em rela\u00e7\u00e3o ao conte\u00fado dessa Pol\u00edtica, o usu\u00e1rio dever\u00e1 entrar em contato com a Central de Atendimento.<\/p>\n<p>Caro cliente, aqui voc\u00ea encontrar\u00e1 informa\u00e7\u00f5es importantes sobre os seus direitos e obriga\u00e7\u00f5es assim como limita\u00e7\u00f5es e exclus\u00f5es que podem lhe ser \u00fateis.<\/p>\n<p>Por favor, leia todas as informa\u00e7\u00f5es com aten\u00e7\u00e3o.<\/p>\n","protected":false},"excerpt":{"rendered":"<p>POL\u00cdTICA DE PRIVACIDADE 1) Obten\u00e7\u00e3o e Armazenamento dos dados. 1.1.A Lenha Grill zela pela seguran\u00e7a e privacidade de seus clientes, portanto todas as informa\u00e7\u00f5es fornecidas durante a navega\u00e7\u00e3o e compra no site s\u00e3o armazenadas de forma autom\u00e1tica no banco de dados, n\u00e3o sendo vendidas, trocadas ou divulgadas \u00e0 terceiros \u2013 exceto quando estas informa\u00e7\u00f5es forem [&#8230;]\n","protected":false},"author":1,"featured_media":0,"parent":0,"menu_order":0,"comment_status":"closed","ping_status":"closed","template":"","meta":{"_joinchat":[],"footnotes":""},"class_list":["post-314","page","type-page","status-publish","hentry"],"yoast_head":"<!-- This site is optimized with the Yoast SEO plugin v26.8 - https:\/\/yoast.com\/product\/yoast-seo-wordpress\/ -->\n<title>Pol\u00edtica de Privacidade - Lenha Grill<\/title>\n<meta name=\"robots\" content=\"index, follow, max-snippet:-1, max-image-preview:large, max-video-preview:-1\" \/>\n<link rel=\"canonical\" href=\"https:\/\/lenhagrill.com.br\/loja\/politica-de-privacidade\/\" \/>\n<meta property=\"og:locale\" content=\"pt_BR\" \/>\n<meta property=\"og:type\" content=\"article\" \/>\n<meta property=\"og:title\" content=\"Pol\u00edtica de Privacidade - Lenha Grill\" \/>\n<meta property=\"og:description\" content=\"POL\u00cdTICA DE PRIVACIDADE 1) Obten\u00e7\u00e3o e Armazenamento dos dados. 1.1.A Lenha Grill zela pela seguran\u00e7a e privacidade de seus clientes, portanto todas as informa\u00e7\u00f5es fornecidas durante a navega\u00e7\u00e3o e compra no site s\u00e3o armazenadas de forma autom\u00e1tica no banco de dados, n\u00e3o sendo vendidas, trocadas ou divulgadas \u00e0 terceiros \u2013 exceto quando estas informa\u00e7\u00f5es forem [...]\" \/>\n<meta property=\"og:url\" content=\"https:\/\/lenhagrill.com.br\/loja\/politica-de-privacidade\/\" \/>\n<meta property=\"og:site_name\" content=\"Lenha Grill\" \/>\n<meta property=\"article:publisher\" content=\"https:\/\/www.facebook.com\/LenhaGril\" \/>\n<meta property=\"article:modified_time\" content=\"2020-07-29T01:55:55+00:00\" \/>\n<meta name=\"twitter:card\" content=\"summary_large_image\" \/>\n<meta name=\"twitter:label1\" content=\"Est. tempo de leitura\" \/>\n\t<meta name=\"twitter:data1\" content=\"2 minutos\" \/>\n<script type=\"application\/ld+json\" class=\"yoast-schema-graph\">{\"@context\":\"https:\/\/schema.org\",\"@graph\":[{\"@type\":\"WebPage\",\"@id\":\"https:\/\/lenhagrill.com.br\/loja\/politica-de-privacidade\/\",\"url\":\"https:\/\/lenhagrill.com.br\/loja\/politica-de-privacidade\/\",\"name\":\"Pol\u00edtica de Privacidade - Lenha Grill\",\"isPartOf\":{\"@id\":\"https:\/\/lenhagrill.com.br\/loja\/#website\"},\"datePublished\":\"2020-07-29T01:48:42+00:00\",\"dateModified\":\"2020-07-29T01:55:55+00:00\",\"breadcrumb\":{\"@id\":\"https:\/\/lenhagrill.com.br\/loja\/politica-de-privacidade\/#breadcrumb\"},\"inLanguage\":\"pt-BR\",\"potentialAction\":[{\"@type\":\"ReadAction\",\"target\":[\"https:\/\/lenhagrill.com.br\/loja\/politica-de-privacidade\/\"]}]},{\"@type\":\"BreadcrumbList\",\"@id\":\"https:\/\/lenhagrill.com.br\/loja\/politica-de-privacidade\/#breadcrumb\",\"itemListElement\":[{\"@type\":\"ListItem\",\"position\":1,\"name\":\"In\u00edcio\",\"item\":\"https:\/\/lenhagrill.com.br\/loja\/\"},{\"@type\":\"ListItem\",\"position\":2,\"name\":\"Pol\u00edtica de Privacidade\"}]},{\"@type\":\"WebSite\",\"@id\":\"https:\/\/lenhagrill.com.br\/loja\/#website\",\"url\":\"https:\/\/lenhagrill.com.br\/loja\/\",\"name\":\"Lenha Grill\",\"description\":\"Churrasqueiras pr\u00e9-moldadas e fornos a lenha\",\"publisher\":{\"@id\":\"https:\/\/lenhagrill.com.br\/loja\/#organization\"},\"potentialAction\":[{\"@type\":\"SearchAction\",\"target\":{\"@type\":\"EntryPoint\",\"urlTemplate\":\"https:\/\/lenhagrill.com.br\/loja\/?s={search_term_string}\"},\"query-input\":{\"@type\":\"PropertyValueSpecification\",\"valueRequired\":true,\"valueName\":\"search_term_string\"}}],\"inLanguage\":\"pt-BR\"},{\"@type\":\"Organization\",\"@id\":\"https:\/\/lenhagrill.com.br\/loja\/#organization\",\"name\":\"Lenha Grill Churrasqueiras\",\"url\":\"https:\/\/lenhagrill.com.br\/loja\/\",\"logo\":{\"@type\":\"ImageObject\",\"inLanguage\":\"pt-BR\",\"@id\":\"https:\/\/lenhagrill.com.br\/loja\/#\/schema\/logo\/image\/\",\"url\":\"https:\/\/lenhagrill.com.br\/loja\/wp-content\/uploads\/2020\/07\/logo.png\",\"contentUrl\":\"https:\/\/lenhagrill.com.br\/loja\/wp-content\/uploads\/2020\/07\/logo.png\",\"width\":1153,\"height\":1137,\"caption\":\"Lenha Grill Churrasqueiras\"},\"image\":{\"@id\":\"https:\/\/lenhagrill.com.br\/loja\/#\/schema\/logo\/image\/\"},\"sameAs\":[\"https:\/\/www.facebook.com\/LenhaGril\"]}]}<\/script>\n<!-- \/ Yoast SEO plugin. -->","yoast_head_json":{"title":"Pol\u00edtica de Privacidade - Lenha Grill","robots":{"index":"index","follow":"follow","max-snippet":"max-snippet:-1","max-image-preview":"max-image-preview:large","max-video-preview":"max-video-preview:-1"},"canonical":"https:\/\/lenhagrill.com.br\/loja\/politica-de-privacidade\/","og_locale":"pt_BR","og_type":"article","og_title":"Pol\u00edtica de Privacidade - Lenha Grill","og_description":"POL\u00cdTICA DE PRIVACIDADE 1) Obten\u00e7\u00e3o e Armazenamento dos dados. 1.1.A Lenha Grill zela pela seguran\u00e7a e privacidade de seus clientes, portanto todas as informa\u00e7\u00f5es fornecidas durante a navega\u00e7\u00e3o e compra no site s\u00e3o armazenadas de forma autom\u00e1tica no banco de dados, n\u00e3o sendo vendidas, trocadas ou divulgadas \u00e0 terceiros \u2013 exceto quando estas informa\u00e7\u00f5es forem [...]","og_url":"https:\/\/lenhagrill.com.br\/loja\/politica-de-privacidade\/","og_site_name":"Lenha Grill","article_publisher":"https:\/\/www.facebook.com\/LenhaGril","article_modified_time":"2020-07-29T01:55:55+00:00","twitter_card":"summary_large_image","twitter_misc":{"Est. tempo de leitura":"2 minutos"},"schema":{"@context":"https:\/\/schema.org","@graph":[{"@type":"WebPage","@id":"https:\/\/lenhagrill.com.br\/loja\/politica-de-privacidade\/","url":"https:\/\/lenhagrill.com.br\/loja\/politica-de-privacidade\/","name":"Pol\u00edtica de Privacidade - Lenha Grill","isPartOf":{"@id":"https:\/\/lenhagrill.com.br\/loja\/#website"},"datePublished":"2020-07-29T01:48:42+00:00","dateModified":"2020-07-29T01:55:55+00:00","breadcrumb":{"@id":"https:\/\/lenhagrill.com.br\/loja\/politica-de-privacidade\/#breadcrumb"},"inLanguage":"pt-BR","potentialAction":[{"@type":"ReadAction","target":["https:\/\/lenhagrill.com.br\/loja\/politica-de-privacidade\/"]}]},{"@type":"BreadcrumbList","@id":"https:\/\/lenhagrill.com.br\/loja\/politica-de-privacidade\/#breadcrumb","itemListElement":[{"@type":"ListItem","position":1,"name":"In\u00edcio","item":"https:\/\/lenhagrill.com.br\/loja\/"},{"@type":"ListItem","position":2,"name":"Pol\u00edtica de Privacidade"}]},{"@type":"WebSite","@id":"https:\/\/lenhagrill.com.br\/loja\/#website","url":"https:\/\/lenhagrill.com.br\/loja\/","name":"Lenha Grill","description":"Churrasqueiras pr\u00e9-moldadas e fornos a lenha","publisher":{"@id":"https:\/\/lenhagrill.com.br\/loja\/#organization"},"potentialAction":[{"@type":"SearchAction","target":{"@type":"EntryPoint","urlTemplate":"https:\/\/lenhagrill.com.br\/loja\/?s={search_term_string}"},"query-input":{"@type":"PropertyValueSpecification","valueRequired":true,"valueName":"search_term_string"}}],"inLanguage":"pt-BR"},{"@type":"Organization","@id":"https:\/\/lenhagrill.com.br\/loja\/#organization","name":"Lenha Grill Churrasqueiras","url":"https:\/\/lenhagrill.com.br\/loja\/","logo":{"@type":"ImageObject","inLanguage":"pt-BR","@id":"https:\/\/lenhagrill.com.br\/loja\/#\/schema\/logo\/image\/","url":"https:\/\/lenhagrill.com.br\/loja\/wp-content\/uploads\/2020\/07\/logo.png","contentUrl":"https:\/\/lenhagrill.com.br\/loja\/wp-content\/uploads\/2020\/07\/logo.png","width":1153,"height":1137,"caption":"Lenha Grill Churrasqueiras"},"image":{"@id":"https:\/\/lenhagrill.com.br\/loja\/#\/schema\/logo\/image\/"},"sameAs":["https:\/\/www.facebook.com\/LenhaGril"]}]}},"jetpack_sharing_enabled":true,"_links":{"self":[{"href":"https:\/\/lenhagrill.com.br\/loja\/wp-json\/wp\/v2\/pages\/314","targetHints":{"allow":["GET"]}}],"collection":[{"href":"https:\/\/lenhagrill.com.br\/loja\/wp-json\/wp\/v2\/pages"}],"about":[{"href":"https:\/\/lenhagrill.com.br\/loja\/wp-json\/wp\/v2\/types\/page"}],"author":[{"embeddable":true,"href":"https:\/\/lenhagrill.com.br\/loja\/wp-json\/wp\/v2\/users\/1"}],"replies":[{"embeddable":true,"href":"https:\/\/lenhagrill.com.br\/loja\/wp-json\/wp\/v2\/comments?post=314"}],"version-history":[{"count":0,"href":"https:\/\/lenhagrill.com.br\/loja\/wp-json\/wp\/v2\/pages\/314\/revisions"}],"wp:attachment":[{"href":"https:\/\/lenhagrill.com.br\/loja\/wp-json\/wp\/v2\/media?parent=314"}],"curies":[{"name":"wp","href":"https:\/\/api.w.org\/{rel}","templated":true}]}}