{"id":318,"date":"2020-07-28T23:03:25","date_gmt":"2020-07-29T02:03:25","guid":{"rendered":"https:\/\/lenhagrill.com.br\/loja\/?page_id=318"},"modified":"2020-07-28T23:03:25","modified_gmt":"2020-07-29T02:03:25","slug":"forma-de-envio","status":"publish","type":"page","link":"https:\/\/lenhagrill.com.br\/loja\/forma-de-envio\/","title":{"rendered":"Forma de Envio"},"content":{"rendered":"<p><strong>INFORMA\u00c7\u00d5ES DE ENTREGA<\/strong><\/p>\n<p>A Lenha Grill n\u00e3o garante a entrega nos casos de insucessos provocados por: cliente ausente, dados cadastrais incorretos, recusa pelo cliente ou funcion\u00e1rios de endere\u00e7os residenciais e comerciais, mudan\u00e7a de endere\u00e7o, endere\u00e7os comerciais fechados, \u00e1rea de risco e desastres naturais (for\u00e7a maior). A entrega ser\u00e1 realizada dentro do prazo e no local indicado na Confirma\u00e7\u00e3o do Pedido.<\/p>\n<p>O cliente ser\u00e1 respons\u00e1vel pelas perdas e danos causados pela recusa injustificada da entrega, assim considerada aquela n\u00e3o prevista na legisla\u00e7\u00e3o aplic\u00e1vel.<\/p>\n<p><strong>Formas de postagem<\/strong><br \/>\nA entrega e todo transporte ser\u00e1 feito pela pr\u00f3pria lenha Grill, recordando que cada localidade det\u00e9m de um prazo espec\u00edfico para entrega..<\/p>\n<p>Em caso de grandes eventos como Black Friday e Cyber Monday, os prazos de entrega poder\u00e3o sofrer altera\u00e7\u00f5es devido a grande demanda de postagens.<\/p>\n","protected":false},"excerpt":{"rendered":"<p>INFORMA\u00c7\u00d5ES DE ENTREGA A Lenha Grill n\u00e3o garante a entrega nos casos de insucessos provocados por: cliente ausente, dados cadastrais incorretos, recusa pelo cliente ou funcion\u00e1rios de endere\u00e7os residenciais e comerciais, mudan\u00e7a de endere\u00e7o, endere\u00e7os comerciais fechados, \u00e1rea de risco e desastres naturais (for\u00e7a maior). A entrega ser\u00e1 realizada dentro do prazo e no local [&#8230;]\n","protected":false},"author":1,"featured_media":0,"parent":0,"menu_order":0,"comment_status":"closed","ping_status":"closed","template":"","meta":{"_joinchat":[],"footnotes":""},"class_list":["post-318","page","type-page","status-publish","hentry"],"yoast_head":"<!-- This site is optimized with the Yoast SEO plugin v26.8 - https:\/\/yoast.com\/product\/yoast-seo-wordpress\/ -->\n<title>Forma de Envio - Lenha Grill<\/title>\n<meta name=\"robots\" content=\"index, follow, max-snippet:-1, max-image-preview:large, max-video-preview:-1\" \/>\n<link rel=\"canonical\" href=\"https:\/\/lenhagrill.com.br\/loja\/forma-de-envio\/\" \/>\n<meta property=\"og:locale\" content=\"pt_BR\" \/>\n<meta property=\"og:type\" content=\"article\" \/>\n<meta property=\"og:title\" content=\"Forma de Envio - Lenha Grill\" \/>\n<meta property=\"og:description\" content=\"INFORMA\u00c7\u00d5ES DE ENTREGA A Lenha Grill n\u00e3o garante a entrega nos casos de insucessos provocados por: cliente ausente, dados cadastrais incorretos, recusa pelo cliente ou funcion\u00e1rios de endere\u00e7os residenciais e comerciais, mudan\u00e7a de endere\u00e7o, endere\u00e7os comerciais fechados, \u00e1rea de risco e desastres naturais (for\u00e7a maior). A entrega ser\u00e1 realizada dentro do prazo e no local [...]\" \/>\n<meta property=\"og:url\" content=\"https:\/\/lenhagrill.com.br\/loja\/forma-de-envio\/\" \/>\n<meta property=\"og:site_name\" content=\"Lenha Grill\" \/>\n<meta property=\"article:publisher\" content=\"https:\/\/www.facebook.com\/LenhaGril\" \/>\n<meta name=\"twitter:card\" content=\"summary_large_image\" \/>\n<meta name=\"twitter:label1\" content=\"Est. tempo de leitura\" \/>\n\t<meta name=\"twitter:data1\" content=\"1 minuto\" \/>\n<script type=\"application\/ld+json\" class=\"yoast-schema-graph\">{\"@context\":\"https:\/\/schema.org\",\"@graph\":[{\"@type\":\"WebPage\",\"@id\":\"https:\/\/lenhagrill.com.br\/loja\/forma-de-envio\/\",\"url\":\"https:\/\/lenhagrill.com.br\/loja\/forma-de-envio\/\",\"name\":\"Forma de Envio - Lenha Grill\",\"isPartOf\":{\"@id\":\"https:\/\/lenhagrill.com.br\/loja\/#website\"},\"datePublished\":\"2020-07-29T02:03:25+00:00\",\"breadcrumb\":{\"@id\":\"https:\/\/lenhagrill.com.br\/loja\/forma-de-envio\/#breadcrumb\"},\"inLanguage\":\"pt-BR\",\"potentialAction\":[{\"@type\":\"ReadAction\",\"target\":[\"https:\/\/lenhagrill.com.br\/loja\/forma-de-envio\/\"]}]},{\"@type\":\"BreadcrumbList\",\"@id\":\"https:\/\/lenhagrill.com.br\/loja\/forma-de-envio\/#breadcrumb\",\"itemListElement\":[{\"@type\":\"ListItem\",\"position\":1,\"name\":\"In\u00edcio\",\"item\":\"https:\/\/lenhagrill.com.br\/loja\/\"},{\"@type\":\"ListItem\",\"position\":2,\"name\":\"Forma de Envio\"}]},{\"@type\":\"WebSite\",\"@id\":\"https:\/\/lenhagrill.com.br\/loja\/#website\",\"url\":\"https:\/\/lenhagrill.com.br\/loja\/\",\"name\":\"Lenha Grill\",\"description\":\"Churrasqueiras pr\u00e9-moldadas e fornos a lenha\",\"publisher\":{\"@id\":\"https:\/\/lenhagrill.com.br\/loja\/#organization\"},\"potentialAction\":[{\"@type\":\"SearchAction\",\"target\":{\"@type\":\"EntryPoint\",\"urlTemplate\":\"https:\/\/lenhagrill.com.br\/loja\/?s={search_term_string}\"},\"query-input\":{\"@type\":\"PropertyValueSpecification\",\"valueRequired\":true,\"valueName\":\"search_term_string\"}}],\"inLanguage\":\"pt-BR\"},{\"@type\":\"Organization\",\"@id\":\"https:\/\/lenhagrill.com.br\/loja\/#organization\",\"name\":\"Lenha Grill Churrasqueiras\",\"url\":\"https:\/\/lenhagrill.com.br\/loja\/\",\"logo\":{\"@type\":\"ImageObject\",\"inLanguage\":\"pt-BR\",\"@id\":\"https:\/\/lenhagrill.com.br\/loja\/#\/schema\/logo\/image\/\",\"url\":\"https:\/\/lenhagrill.com.br\/loja\/wp-content\/uploads\/2020\/07\/logo.png\",\"contentUrl\":\"https:\/\/lenhagrill.com.br\/loja\/wp-content\/uploads\/2020\/07\/logo.png\",\"width\":1153,\"height\":1137,\"caption\":\"Lenha Grill Churrasqueiras\"},\"image\":{\"@id\":\"https:\/\/lenhagrill.com.br\/loja\/#\/schema\/logo\/image\/\"},\"sameAs\":[\"https:\/\/www.facebook.com\/LenhaGril\"]}]}<\/script>\n<!-- \/ Yoast SEO plugin. -->","yoast_head_json":{"title":"Forma de Envio - Lenha Grill","robots":{"index":"index","follow":"follow","max-snippet":"max-snippet:-1","max-image-preview":"max-image-preview:large","max-video-preview":"max-video-preview:-1"},"canonical":"https:\/\/lenhagrill.com.br\/loja\/forma-de-envio\/","og_locale":"pt_BR","og_type":"article","og_title":"Forma de Envio - Lenha Grill","og_description":"INFORMA\u00c7\u00d5ES DE ENTREGA A Lenha Grill n\u00e3o garante a entrega nos casos de insucessos provocados por: cliente ausente, dados cadastrais incorretos, recusa pelo cliente ou funcion\u00e1rios de endere\u00e7os residenciais e comerciais, mudan\u00e7a de endere\u00e7o, endere\u00e7os comerciais fechados, \u00e1rea de risco e desastres naturais (for\u00e7a maior). A entrega ser\u00e1 realizada dentro do prazo e no local [...]","og_url":"https:\/\/lenhagrill.com.br\/loja\/forma-de-envio\/","og_site_name":"Lenha Grill","article_publisher":"https:\/\/www.facebook.com\/LenhaGril","twitter_card":"summary_large_image","twitter_misc":{"Est. tempo de leitura":"1 minuto"},"schema":{"@context":"https:\/\/schema.org","@graph":[{"@type":"WebPage","@id":"https:\/\/lenhagrill.com.br\/loja\/forma-de-envio\/","url":"https:\/\/lenhagrill.com.br\/loja\/forma-de-envio\/","name":"Forma de Envio - Lenha Grill","isPartOf":{"@id":"https:\/\/lenhagrill.com.br\/loja\/#website"},"datePublished":"2020-07-29T02:03:25+00:00","breadcrumb":{"@id":"https:\/\/lenhagrill.com.br\/loja\/forma-de-envio\/#breadcrumb"},"inLanguage":"pt-BR","potentialAction":[{"@type":"ReadAction","target":["https:\/\/lenhagrill.com.br\/loja\/forma-de-envio\/"]}]},{"@type":"BreadcrumbList","@id":"https:\/\/lenhagrill.com.br\/loja\/forma-de-envio\/#breadcrumb","itemListElement":[{"@type":"ListItem","position":1,"name":"In\u00edcio","item":"https:\/\/lenhagrill.com.br\/loja\/"},{"@type":"ListItem","position":2,"name":"Forma de Envio"}]},{"@type":"WebSite","@id":"https:\/\/lenhagrill.com.br\/loja\/#website","url":"https:\/\/lenhagrill.com.br\/loja\/","name":"Lenha Grill","description":"Churrasqueiras pr\u00e9-moldadas e fornos a lenha","publisher":{"@id":"https:\/\/lenhagrill.com.br\/loja\/#organization"},"potentialAction":[{"@type":"SearchAction","target":{"@type":"EntryPoint","urlTemplate":"https:\/\/lenhagrill.com.br\/loja\/?s={search_term_string}"},"query-input":{"@type":"PropertyValueSpecification","valueRequired":true,"valueName":"search_term_string"}}],"inLanguage":"pt-BR"},{"@type":"Organization","@id":"https:\/\/lenhagrill.com.br\/loja\/#organization","name":"Lenha Grill Churrasqueiras","url":"https:\/\/lenhagrill.com.br\/loja\/","logo":{"@type":"ImageObject","inLanguage":"pt-BR","@id":"https:\/\/lenhagrill.com.br\/loja\/#\/schema\/logo\/image\/","url":"https:\/\/lenhagrill.com.br\/loja\/wp-content\/uploads\/2020\/07\/logo.png","contentUrl":"https:\/\/lenhagrill.com.br\/loja\/wp-content\/uploads\/2020\/07\/logo.png","width":1153,"height":1137,"caption":"Lenha Grill Churrasqueiras"},"image":{"@id":"https:\/\/lenhagrill.com.br\/loja\/#\/schema\/logo\/image\/"},"sameAs":["https:\/\/www.facebook.com\/LenhaGril"]}]}},"jetpack_sharing_enabled":true,"_links":{"self":[{"href":"https:\/\/lenhagrill.com.br\/loja\/wp-json\/wp\/v2\/pages\/318","targetHints":{"allow":["GET"]}}],"collection":[{"href":"https:\/\/lenhagrill.com.br\/loja\/wp-json\/wp\/v2\/pages"}],"about":[{"href":"https:\/\/lenhagrill.com.br\/loja\/wp-json\/wp\/v2\/types\/page"}],"author":[{"embeddable":true,"href":"https:\/\/lenhagrill.com.br\/loja\/wp-json\/wp\/v2\/users\/1"}],"replies":[{"embeddable":true,"href":"https:\/\/lenhagrill.com.br\/loja\/wp-json\/wp\/v2\/comments?post=318"}],"version-history":[{"count":0,"href":"https:\/\/lenhagrill.com.br\/loja\/wp-json\/wp\/v2\/pages\/318\/revisions"}],"wp:attachment":[{"href":"https:\/\/lenhagrill.com.br\/loja\/wp-json\/wp\/v2\/media?parent=318"}],"curies":[{"name":"wp","href":"https:\/\/api.w.org\/{rel}","templated":true}]}}