{"id":320,"date":"2020-07-28T23:16:58","date_gmt":"2020-07-29T02:16:58","guid":{"rendered":"https:\/\/lenhagrill.com.br\/loja\/?page_id=320"},"modified":"2020-07-28T23:16:58","modified_gmt":"2020-07-29T02:16:58","slug":"termos-condicoes","status":"publish","type":"page","link":"https:\/\/lenhagrill.com.br\/loja\/termos-condicoes\/","title":{"rendered":"Termos &#038; Condi\u00e7\u00f5es"},"content":{"rendered":"<p><strong>TERMOS &amp; CONDI\u00c7\u00d5ES<\/strong><\/p>\n<p>1) Pedido<\/p>\n<p>Os pedidos somente ser\u00e3o aceitos por meio da p\u00e1gina oficial www.lenhagrill.com.br, mediante a emiss\u00e3o de uma Confirma\u00e7\u00e3o do Pedido, enviada atrav\u00e9s do e-mail de cadastro mencionado pelo cliente.<br \/>\nO cliente deve verificar a Confirma\u00e7\u00e3o do Pedido e informar \u00e0 Lenha Grill imediatamente sobre qualquer eventual erro para averigua\u00e7\u00f5es.<\/p>\n<p>2) Oferta, Pre\u00e7o e Condi\u00e7\u00f5es de Pagamento<\/p>\n<p>As ofertas somente ser\u00e3o v\u00e1lidas quando disponibilizadas por escrito no site da <strong>Lenha Grill<\/strong> durante o prazo indicado ou, caso n\u00e3o seja mencionado o prazo, enquanto detivermos a mercadoria dispon\u00edvel em estoque.<\/p>\n<p>O pre\u00e7o do produto, prazos e condi\u00e7\u00f5es de pagamento s\u00e3o estabelecidos no ato da contrata\u00e7\u00e3o.<\/p>\n<p>O pedido ser\u00e1 postado ap\u00f3s a confirma\u00e7\u00e3o do pagamento no sistema da <strong>Lenha Grill<\/strong> ou nas condi\u00e7\u00f5es estabelecidas na pr\u00f3pria Confirma\u00e7\u00e3o do Pedido.<\/p>\n<p>A <strong>Lenha Grill<\/strong> reserva-se no direito de requerer pr\u00e9via autoriza\u00e7\u00e3o das administradoras de cart\u00e3o de cr\u00e9dito ou para compensa\u00e7\u00e3o do boletos banc\u00e1rios para concluir a venda e enviar o produto a entrega, n\u00e3o se responsabilizando por eventuais fraudes ocorridas.<\/p>\n<p>3) Entrega<\/p>\n<p>A <strong>Lenha Grill<\/strong> n\u00e3o garante a entrega nos casos de insucessos provocados por: cliente ausente, dados cadastrais incorretos, recusa pelo cliente ou funcion\u00e1rios de endere\u00e7os residenciais e comerciais, mudan\u00e7a de endere\u00e7o, endere\u00e7os comerciais fechados, \u00e1rea de risco e desastres naturais (for\u00e7a maior). A entrega ser\u00e1 realizada dentro do prazo e no local indicado na Confirma\u00e7\u00e3o do Pedido.<\/p>\n<p>O cliente ser\u00e1 respons\u00e1vel pelas perdas e danos causados pela recusa injustificada da entrega, assim considerada aquela n\u00e3o prevista na legisla\u00e7\u00e3o aplic\u00e1vel.<\/p>\n<p>3.1). Formas de postagem<\/p>\n<p>O cliente poder\u00e1 solicitar, no momento da formaliza\u00e7\u00e3o do pedido, o envio da mercadoria por meio dos Correios, recordando que cada localidade det\u00e9m de um prazo espec\u00edfico para entrega.<\/p>\n<p>Algumas mercadorias em raz\u00e3o da dimens\u00e3o e do peso est\u00e3o sujeitas a altera\u00e7\u00e3o da forma de postagem.<\/p>\n<p>Em caso de grandes eventos como Black Friday e Cyber Monday, os prazos de entrega poder\u00e3o sofrer altera\u00e7\u00f5es devido a grande demanda de postagens.<\/p>\n<p>4). Aceita\u00e7\u00e3o e devolu\u00e7\u00e3o<\/p>\n<p>Toda solicita\u00e7\u00e3o de troca ou devolu\u00e7\u00e3o deve ser comunicada a Central de Atendimento da <strong>Lenha Grill<\/strong> para instru\u00e7\u00f5es detalhadas sobre o processo de devolu\u00e7\u00e3o. Servi\u00e7o de Atendimento ao Cliente (SAC Online), pelo telefone (19) 97152-2649 ou atrav\u00e9s do e-mail: e-mail: contato@lenhagrill.com.br<\/p>\n<p>4.1). Condi\u00e7\u00f5es de Devolu\u00e7\u00e3o<\/p>\n<p>A mercadoria dever\u00e1 retornar nas mesmas condi\u00e7\u00f5es em que foi entregue, ou seja: lacres intactos do fabricante e <strong>Lenha Grill<\/strong>, na embalagem original do produto. \u00c9 importante ressaltar que a caixa do produto tamb\u00e9m deve estar em perfeitas condi\u00e7\u00f5es, isto \u00e9, a embalagem n\u00e3o pode ter sido danificada ou violada. Esclarece-se que o produto N\u00c3O PODE TER SIDO USADO.<br \/>\nO protocolo de retorno de mercadoria e o remetente dever\u00e3o estar facilmente identificados na embalagem de postagem.<\/p>\n<p>4.1a). Autoriza\u00e7\u00e3o de Postagem<\/p>\n<p>A autoriza\u00e7\u00e3o de postagem \u00e9 enviada ao e-mail de cadastro do cliente e tem validade de 7 dias, prazo este n\u00e3o renov\u00e1vel. Caso o produto n\u00e3o seja enviado neste prazo, dever\u00e1 ser realizado novo contato com a <strong>Lenha Grill<\/strong> para ser reavaliado a emiss\u00e3o de uma nova autoriza\u00e7\u00e3o.<\/p>\n<p>A <strong>Lenha Grill<\/strong> reserva-se no direito de recusar o recebimento de produtos postados fora do prazo de garantia, conforme determinado na nota fiscal de compra.<\/p>\n<p>4.1b). Despesas de envio<\/p>\n<p>Todos os custos de transporte s\u00e3o de responsabilidade do cliente, exceto:<\/p>\n<p>\u2013 Autoriza\u00e7\u00f5es de postagem enviada pela <strong>Lenha Grill.<\/strong><br \/>\n\u2013 Produto com defeito informado dentro do prazo de sete dias do recebimento, sendo enviado via PAC (encomenda normal por Correios).<\/p>\n<p>Constatado defeito, troca ou qualquer transporte a <strong>Lenha Grill<\/strong> um ve\u00edculo para fazer a retirada, cujo prazo de entrega depender\u00e1 da localidade do endere\u00e7o de entrega.<\/p>\n<p>IMPORTANTE: A <strong>Lenha Grill<\/strong> n\u00e3o restitui despesas com embalagens de postagem e deslocamento do cliente.<\/p>\n<p>4.1.2). Procedimentos de devolu\u00e7\u00e3o para pessoa jur\u00eddica<\/p>\n<p>Em caso de cliente pessoa jur\u00eddica (CNPJ), a empresa dever\u00e1 emitir uma nota fiscal de devolu\u00e7\u00e3o (desist\u00eancia da compra \u2013 prazo de 7 dias ou produto em desacordo com o pedido) ou nota de remessa para conserto (produto com defeito) com os mesmos dados da nota fiscal de compra (modelo do produto, al\u00edquotas de impostos, etc.) que foi enviada por nossa empresa juntamente com o pedido de compra. Caso esta pessoa jur\u00eddica n\u00e3o seja emissora de nota fiscal (como escolas, institui\u00e7\u00f5es, etc.), dever\u00e1 enviar umas das vias da nota fiscal de compra juntamente com uma declara\u00e7\u00e3o informando os produtos que est\u00e3o sendo devolvidos e o motivo da devolu\u00e7\u00e3o.<\/p>\n<p>4.2). Avarias<\/p>\n<p>O Cliente dever\u00e1 ficar atento no ato da entrega, recusando imediatamente o pedido cuja a embalagem estiver sido violada ou avariada no transporte.<br \/>\nNa impossibilidade de recusa dever\u00e1 ser realizado o contato no prazo m\u00e1ximo de 48 horas. N\u00e3o sendo aceitas as solicita\u00e7\u00f5es de avarias fora do prazo.<br \/>\nA troca por outro produto igual ao descrito na nota fiscal, ser\u00e1 efetivada somente ap\u00f3s o recebimento e an\u00e1lise das condi\u00e7\u00f5es do produto devolvido. Constatada qualquer diverg\u00eancia como aus\u00eancia de avaria, ind\u00edcios de mau uso ou aus\u00eancia de manual\/acess\u00f3rios, a WEBLUB se reserva no direito de n\u00e3o realizar a troca e reenviar o produto ao cliente sem pr\u00e9via autoriza\u00e7\u00e3o.<\/p>\n<p>4.3). Produto em desacordo com o pedido<\/p>\n<p>Caso detecte no ato da entrega que o produto encomendado e o produto adquirido s\u00e3o diferentes, dever\u00e1 recusar de imediato a entrega. Ao aceitar a encomenda sem observar a descri\u00e7\u00e3o da Nota Fiscal, o prazo para entrar em contato com nosso SAC ser\u00e1 de 48 horas. Solicita\u00e7\u00f5es fora deste prazo n\u00e3o ser\u00e3o aceitas, pois ser\u00e1 considerado aceito pelo cliente.<br \/>\nConstatado aus\u00eancia de diverg\u00eancia entre o produto adquirido e o produto entregue, ind\u00edcios de mau uso ou aus\u00eancia de manual\/acess\u00f3rios, a <strong>Lenha Grill<\/strong> se reserva no direito de n\u00e3o realizar a troca e reenviar o produto ao cliente sem pr\u00e9via autoriza\u00e7\u00e3o.<\/p>\n<p>4.4). Arrependimento<\/p>\n<p>Em casos de arrependimento, o Cliente poder\u00e1 solicitar a devolu\u00e7\u00e3o do produto e obter a consequente restitui\u00e7\u00e3o do valor pago ou a inser\u00e7\u00e3o de cr\u00e9ditos para nova compra desde que, os produtos sejam devolvidos em sua embalagem original, com todos os selos\/lacres intactos, n\u00e3o devendo apresentar qualquer ind\u00edcio de manipula\u00e7\u00e3o ou utiliza\u00e7\u00e3o, acompanhados da nota fiscal.<br \/>\nEssa solicita\u00e7\u00e3o dever\u00e1 ser feita em at\u00e9 07 (sete) dias corridos ap\u00f3s a data de recebimento da compra, nos moldes do artigo 49 do CDC, atrav\u00e9s do Servi\u00e7o de Atendimento ao Cliente (SAC Online), pelo telefone (19) 97152-2649 ou atrav\u00e9s do contato@lenhagrill.com.br.<br \/>\nO produto dever\u00e1 ser devolvido sempre acompanhado de c\u00f3pia da nota fiscal e preenchido o \u201cTermo de Retorno de Mercadoria\u201d enviado pela <strong>Lenha Grill<\/strong>. A aus\u00eancia destes documentos impedir\u00e1 a r\u00e1pida identifica\u00e7\u00e3o da sua solicita\u00e7\u00e3o, gerando atrasos no processo de troca ou na restitui\u00e7\u00e3o do valor pago.<br \/>\nAo ser exercido o direito de arrependimento, ap\u00f3s a an\u00e1lise do produto em nosso Centro de Distribui\u00e7\u00e3o, o reembolso de valores poder\u00e1 ser feito de duas maneiras, dependendo da forma de pagamento efetuada no momento da compra:<\/p>\n<p>1) Em compras pagas por meio de cart\u00e3o de cr\u00e9dito, o respectivo estorno ser\u00e1 solicitado de imediato a administradora do seu cart\u00e3o, mas por ser um procedimento de inteira responsabilidade da administradora do cart\u00e3o o estorno poder\u00e1 ocorrer em at\u00e9 2 (duas) faturas subsequentes.<\/p>\n<p>2) Em compras pagas por meio de boleto banc\u00e1rio, a restitui\u00e7\u00e3o ser\u00e1 creditada sempre na conta corrente de titularidade do cliente que pagou o boleto.<\/p>\n<p>Caso n\u00e3o seja respeitada a Pol\u00edtica de Troca e Devolu\u00e7\u00e3o da <strong>Lenha Grill<\/strong>, e a legisla\u00e7\u00e3o aplic\u00e1vel, os custos de devolu\u00e7\u00e3o do produto correr\u00e3o por conta do cliente.<\/p>\n<p>OBSERVA\u00c7\u00c3O: N\u00e3o poder\u00e1 ser exercido a troca ou devolu\u00e7\u00e3o de produtos que estiverem impossibilitados de serem novamente comercializados, por exemplo: embalagens externas danificadas, itens faltantes, etc.<\/p>\n<p>5). Garantia<\/p>\n<p>\u00c9 reservada a garantia contra defeito de fabrica\u00e7\u00e3o de todos os produtos adquiridos na empresa durante o per\u00edodo de cobertura, salvo se os produtos possu\u00edrem assist\u00eancia t\u00e9cnica da fabricante (item 5.1). Por\u00e9m, o defeito dever\u00e1 ser informado no prazo estabelecido na nota fiscal de compra, contados da data de recebimento, onde sua substitui\u00e7\u00e3o poder\u00e1 ocorrer em at\u00e9 30 dias.<br \/>\nA <strong>Lenha Grill <\/strong>n\u00e3o se responsabiliza por danos causados por terceiros, por quest\u00f5es ou elementos fora do alcance, controle ou inger\u00eancia das partes; adequa\u00e7\u00e3o do produto adquirido pelo cliente para um determinado fim, prop\u00f3sito ou uso escolhido pelo cliente.<br \/>\nTodo produto encaminhado por conta de v\u00edcio passar\u00e1 previamente por uma an\u00e1lise t\u00e9cnica para a devida verifica\u00e7\u00e3o do defeito, pelo prazo de 30 dias, conforme previsto pelo artigo 18 do CDC. Caso seja constatado pelo laudo da assist\u00eancia t\u00e9cnica que n\u00e3o h\u00e1 v\u00edcio no produto, ou ainda que o v\u00edcio tenha sido causado por mau uso por parte do Cliente, a <strong>Lenha Grill<\/strong> far\u00e1 o reenvio do mesmo produto ao endere\u00e7o do cliente, isentando-se da obriga\u00e7\u00e3o de troca e de despesas de frete geradas por este reenvio.<\/p>\n<p>5.1) A Garantia n\u00e3o abrange<\/p>\n<p>Produtos n\u00e3o adquiridos no site da <strong>Lenha Grill<\/strong>;<br \/>\nUso inadequado, imprud\u00eancia ou neglig\u00eancia;<br \/>\nPerda ou dano ocasionado por for\u00e7a maior ou caso fortuito;<\/p>\n<p>5.2) Perda de Garantia<\/p>\n<p>A <strong>Lenha Grill<\/strong> cobre defeitos de fabrica\u00e7\u00e3o no prazo estipulado na nota fiscal de compra, havendo perda total da garantia nas seguintes hip\u00f3teses:<\/p>\n<p>Retirada ou viola\u00e7\u00e3o de selos de garantia ou identifica\u00e7\u00e3o da <strong>Lenha Grill<\/strong> e\/ou fabricante;<br \/>\nViola\u00e7\u00e3o, modifica\u00e7\u00e3o, troca de componentes, ajustes conserto feito por pessoal n\u00e3o autorizado;<br \/>\nServi\u00e7os solicitados e\/ou executados diretamente pelo CLIENTE sem pr\u00e9vio consentimento da <strong>Lenha Grill<\/strong> e\/ou Fabricante;<br \/>\nManuseio incorreto, em desacordo com o manual ou ind\u00edcio de descuido;<br \/>\nUso de acess\u00f3rios, componentes ou sistemas n\u00e3o originais ou n\u00e3o recomendados n\u00e3o aprovados pelo fabricante;<br \/>\nTransporte inadequado adotado pelo cliente que exp\u00f5e o produto a trepida\u00e7\u00f5es, umidade, quedas, calor ou excesso de peso sobre a pe\u00e7a ou embalagem;<br \/>\nDanos f\u00edsicos (amassados, arranh\u00f5es, manuscritos, descaracteriza\u00e7\u00e3o, componentes queimados por descarga el\u00e9trica ou excesso de voltagem, danos decorrentes de exposi\u00e7\u00e3o excessiva ao calor, fogo, umidade;<br \/>\nQualquer outro defeito que n\u00e3o seja classificado como defeito de fabrica\u00e7\u00e3o.<br \/>\n5.3). Assist\u00eancia T\u00e9cnica do Fabricante.<\/p>\n<p>Nos casos que a <strong>Lenha Grill<\/strong> indicar a assist\u00eancia t\u00e9cnica autorizada para reparo\/conserto, o cliente dever\u00e1 acionar a mesma, garantindo assim um c\u00e9lere e eficaz atendimento, vez que esta empresa n\u00e3o det\u00e9m de autoriza\u00e7\u00e3o de conserto para determinados produtos.<br \/>\nA mercadoria dever\u00e1 ser enviada para as assist\u00eancias autorizadas com a nota fiscal de compra, na embalagem original, com todos acess\u00f3rios (cabos, manuais, cds e etc.) que acompanham o produto.<\/p>\n<p>6). Forma de Remessa<\/p>\n<p>A remessa somente ser\u00e1 aceita nos termos do item \u201c4.1.b.\u201d para o seguinte endere\u00e7o:<\/p>\n<p><strong>Lenha Grill<\/strong>\u2013 Autoriza\u00e7\u00e3o (Protocolo n\u00ba \u2026.)<br \/>\nAvenida Berta Buhrnheim 614 &#8211; Vila Joest<br \/>\nLeme \u2013SP<br \/>\nCep: 13614-100<\/p>\n","protected":false},"excerpt":{"rendered":"<p>TERMOS &amp; CONDI\u00c7\u00d5ES 1) Pedido Os pedidos somente ser\u00e3o aceitos por meio da p\u00e1gina oficial www.lenhagrill.com.br, mediante a emiss\u00e3o de uma Confirma\u00e7\u00e3o do Pedido, enviada atrav\u00e9s do e-mail de cadastro mencionado pelo cliente. O cliente deve verificar a Confirma\u00e7\u00e3o do Pedido e informar \u00e0 Lenha Grill imediatamente sobre qualquer eventual erro para averigua\u00e7\u00f5es. 2) Oferta, [&#8230;]\n","protected":false},"author":1,"featured_media":0,"parent":0,"menu_order":0,"comment_status":"closed","ping_status":"closed","template":"","meta":{"_joinchat":[],"footnotes":""},"class_list":["post-320","page","type-page","status-publish","hentry"],"yoast_head":"<!-- This site is optimized with the Yoast SEO plugin v26.8 - https:\/\/yoast.com\/product\/yoast-seo-wordpress\/ -->\n<title>Termos &amp; Condi\u00e7\u00f5es - Lenha Grill<\/title>\n<meta name=\"robots\" content=\"index, follow, max-snippet:-1, max-image-preview:large, max-video-preview:-1\" \/>\n<link rel=\"canonical\" href=\"https:\/\/lenhagrill.com.br\/loja\/termos-condicoes\/\" \/>\n<meta property=\"og:locale\" content=\"pt_BR\" \/>\n<meta property=\"og:type\" content=\"article\" \/>\n<meta property=\"og:title\" content=\"Termos &amp; Condi\u00e7\u00f5es - Lenha Grill\" \/>\n<meta property=\"og:description\" content=\"TERMOS &amp; CONDI\u00c7\u00d5ES 1) Pedido Os pedidos somente ser\u00e3o aceitos por meio da p\u00e1gina oficial www.lenhagrill.com.br, mediante a emiss\u00e3o de uma Confirma\u00e7\u00e3o do Pedido, enviada atrav\u00e9s do e-mail de cadastro mencionado pelo cliente. O cliente deve verificar a Confirma\u00e7\u00e3o do Pedido e informar \u00e0 Lenha Grill imediatamente sobre qualquer eventual erro para averigua\u00e7\u00f5es. 2) Oferta, [...]\" \/>\n<meta property=\"og:url\" content=\"https:\/\/lenhagrill.com.br\/loja\/termos-condicoes\/\" \/>\n<meta property=\"og:site_name\" content=\"Lenha Grill\" \/>\n<meta property=\"article:publisher\" content=\"https:\/\/www.facebook.com\/LenhaGril\" \/>\n<meta name=\"twitter:card\" content=\"summary_large_image\" \/>\n<meta name=\"twitter:label1\" content=\"Est. tempo de leitura\" \/>\n\t<meta name=\"twitter:data1\" content=\"10 minutos\" \/>\n<script type=\"application\/ld+json\" class=\"yoast-schema-graph\">{\"@context\":\"https:\/\/schema.org\",\"@graph\":[{\"@type\":\"WebPage\",\"@id\":\"https:\/\/lenhagrill.com.br\/loja\/termos-condicoes\/\",\"url\":\"https:\/\/lenhagrill.com.br\/loja\/termos-condicoes\/\",\"name\":\"Termos & Condi\u00e7\u00f5es - Lenha Grill\",\"isPartOf\":{\"@id\":\"https:\/\/lenhagrill.com.br\/loja\/#website\"},\"datePublished\":\"2020-07-29T02:16:58+00:00\",\"breadcrumb\":{\"@id\":\"https:\/\/lenhagrill.com.br\/loja\/termos-condicoes\/#breadcrumb\"},\"inLanguage\":\"pt-BR\",\"potentialAction\":[{\"@type\":\"ReadAction\",\"target\":[\"https:\/\/lenhagrill.com.br\/loja\/termos-condicoes\/\"]}]},{\"@type\":\"BreadcrumbList\",\"@id\":\"https:\/\/lenhagrill.com.br\/loja\/termos-condicoes\/#breadcrumb\",\"itemListElement\":[{\"@type\":\"ListItem\",\"position\":1,\"name\":\"In\u00edcio\",\"item\":\"https:\/\/lenhagrill.com.br\/loja\/\"},{\"@type\":\"ListItem\",\"position\":2,\"name\":\"Termos &#038; Condi\u00e7\u00f5es\"}]},{\"@type\":\"WebSite\",\"@id\":\"https:\/\/lenhagrill.com.br\/loja\/#website\",\"url\":\"https:\/\/lenhagrill.com.br\/loja\/\",\"name\":\"Lenha Grill\",\"description\":\"Churrasqueiras pr\u00e9-moldadas e fornos a lenha\",\"publisher\":{\"@id\":\"https:\/\/lenhagrill.com.br\/loja\/#organization\"},\"potentialAction\":[{\"@type\":\"SearchAction\",\"target\":{\"@type\":\"EntryPoint\",\"urlTemplate\":\"https:\/\/lenhagrill.com.br\/loja\/?s={search_term_string}\"},\"query-input\":{\"@type\":\"PropertyValueSpecification\",\"valueRequired\":true,\"valueName\":\"search_term_string\"}}],\"inLanguage\":\"pt-BR\"},{\"@type\":\"Organization\",\"@id\":\"https:\/\/lenhagrill.com.br\/loja\/#organization\",\"name\":\"Lenha Grill Churrasqueiras\",\"url\":\"https:\/\/lenhagrill.com.br\/loja\/\",\"logo\":{\"@type\":\"ImageObject\",\"inLanguage\":\"pt-BR\",\"@id\":\"https:\/\/lenhagrill.com.br\/loja\/#\/schema\/logo\/image\/\",\"url\":\"https:\/\/lenhagrill.com.br\/loja\/wp-content\/uploads\/2020\/07\/logo.png\",\"contentUrl\":\"https:\/\/lenhagrill.com.br\/loja\/wp-content\/uploads\/2020\/07\/logo.png\",\"width\":1153,\"height\":1137,\"caption\":\"Lenha Grill Churrasqueiras\"},\"image\":{\"@id\":\"https:\/\/lenhagrill.com.br\/loja\/#\/schema\/logo\/image\/\"},\"sameAs\":[\"https:\/\/www.facebook.com\/LenhaGril\"]}]}<\/script>\n<!-- \/ Yoast SEO plugin. -->","yoast_head_json":{"title":"Termos & Condi\u00e7\u00f5es - Lenha Grill","robots":{"index":"index","follow":"follow","max-snippet":"max-snippet:-1","max-image-preview":"max-image-preview:large","max-video-preview":"max-video-preview:-1"},"canonical":"https:\/\/lenhagrill.com.br\/loja\/termos-condicoes\/","og_locale":"pt_BR","og_type":"article","og_title":"Termos & Condi\u00e7\u00f5es - Lenha Grill","og_description":"TERMOS &amp; CONDI\u00c7\u00d5ES 1) Pedido Os pedidos somente ser\u00e3o aceitos por meio da p\u00e1gina oficial www.lenhagrill.com.br, mediante a emiss\u00e3o de uma Confirma\u00e7\u00e3o do Pedido, enviada atrav\u00e9s do e-mail de cadastro mencionado pelo cliente. O cliente deve verificar a Confirma\u00e7\u00e3o do Pedido e informar \u00e0 Lenha Grill imediatamente sobre qualquer eventual erro para averigua\u00e7\u00f5es. 2) Oferta, [...]","og_url":"https:\/\/lenhagrill.com.br\/loja\/termos-condicoes\/","og_site_name":"Lenha Grill","article_publisher":"https:\/\/www.facebook.com\/LenhaGril","twitter_card":"summary_large_image","twitter_misc":{"Est. tempo de leitura":"10 minutos"},"schema":{"@context":"https:\/\/schema.org","@graph":[{"@type":"WebPage","@id":"https:\/\/lenhagrill.com.br\/loja\/termos-condicoes\/","url":"https:\/\/lenhagrill.com.br\/loja\/termos-condicoes\/","name":"Termos & Condi\u00e7\u00f5es - Lenha Grill","isPartOf":{"@id":"https:\/\/lenhagrill.com.br\/loja\/#website"},"datePublished":"2020-07-29T02:16:58+00:00","breadcrumb":{"@id":"https:\/\/lenhagrill.com.br\/loja\/termos-condicoes\/#breadcrumb"},"inLanguage":"pt-BR","potentialAction":[{"@type":"ReadAction","target":["https:\/\/lenhagrill.com.br\/loja\/termos-condicoes\/"]}]},{"@type":"BreadcrumbList","@id":"https:\/\/lenhagrill.com.br\/loja\/termos-condicoes\/#breadcrumb","itemListElement":[{"@type":"ListItem","position":1,"name":"In\u00edcio","item":"https:\/\/lenhagrill.com.br\/loja\/"},{"@type":"ListItem","position":2,"name":"Termos &#038; Condi\u00e7\u00f5es"}]},{"@type":"WebSite","@id":"https:\/\/lenhagrill.com.br\/loja\/#website","url":"https:\/\/lenhagrill.com.br\/loja\/","name":"Lenha Grill","description":"Churrasqueiras pr\u00e9-moldadas e fornos a lenha","publisher":{"@id":"https:\/\/lenhagrill.com.br\/loja\/#organization"},"potentialAction":[{"@type":"SearchAction","target":{"@type":"EntryPoint","urlTemplate":"https:\/\/lenhagrill.com.br\/loja\/?s={search_term_string}"},"query-input":{"@type":"PropertyValueSpecification","valueRequired":true,"valueName":"search_term_string"}}],"inLanguage":"pt-BR"},{"@type":"Organization","@id":"https:\/\/lenhagrill.com.br\/loja\/#organization","name":"Lenha Grill Churrasqueiras","url":"https:\/\/lenhagrill.com.br\/loja\/","logo":{"@type":"ImageObject","inLanguage":"pt-BR","@id":"https:\/\/lenhagrill.com.br\/loja\/#\/schema\/logo\/image\/","url":"https:\/\/lenhagrill.com.br\/loja\/wp-content\/uploads\/2020\/07\/logo.png","contentUrl":"https:\/\/lenhagrill.com.br\/loja\/wp-content\/uploads\/2020\/07\/logo.png","width":1153,"height":1137,"caption":"Lenha Grill Churrasqueiras"},"image":{"@id":"https:\/\/lenhagrill.com.br\/loja\/#\/schema\/logo\/image\/"},"sameAs":["https:\/\/www.facebook.com\/LenhaGril"]}]}},"jetpack_sharing_enabled":true,"_links":{"self":[{"href":"https:\/\/lenhagrill.com.br\/loja\/wp-json\/wp\/v2\/pages\/320","targetHints":{"allow":["GET"]}}],"collection":[{"href":"https:\/\/lenhagrill.com.br\/loja\/wp-json\/wp\/v2\/pages"}],"about":[{"href":"https:\/\/lenhagrill.com.br\/loja\/wp-json\/wp\/v2\/types\/page"}],"author":[{"embeddable":true,"href":"https:\/\/lenhagrill.com.br\/loja\/wp-json\/wp\/v2\/users\/1"}],"replies":[{"embeddable":true,"href":"https:\/\/lenhagrill.com.br\/loja\/wp-json\/wp\/v2\/comments?post=320"}],"version-history":[{"count":0,"href":"https:\/\/lenhagrill.com.br\/loja\/wp-json\/wp\/v2\/pages\/320\/revisions"}],"wp:attachment":[{"href":"https:\/\/lenhagrill.com.br\/loja\/wp-json\/wp\/v2\/media?parent=320"}],"curies":[{"name":"wp","href":"https:\/\/api.w.org\/{rel}","templated":true}]}}