{"id":90,"date":"2013-08-11T19:22:53","date_gmt":"2013-08-11T19:22:53","guid":{"rendered":"http:\/\/localhost:8888\/test\/?page_id=532"},"modified":"2020-07-29T00:11:02","modified_gmt":"2020-07-29T03:11:02","slug":"contact","status":"publish","type":"page","link":"https:\/\/lenhagrill.com.br\/loja\/elements\/pages\/contact\/","title":{"rendered":"Contact"},"content":{"rendered":"<div class=\"row\"  id=\"row-736082868\">\n\n\t<div id=\"col-1039918692\" class=\"col medium-6 large-6\"  >\n\t\t<div class=\"col-inner\"  >\n\t\t\t\n\t\t\t\n<div class=\"is-divider divider clearfix\" style=\"max-width:50px;\"><\/div>\n<div class=\"container section-title-container\" ><h3 class=\"section-title section-title-normal\"><b><\/b><span class=\"section-title-main\" >perguntas frequentes<\/span><b><\/b><\/h3><\/div>\n<p class=\"lead\">Leia nossas Perguntas frequentes antes de nos enviar uma mensagem.<\/p>\n<div class=\"accordion\" rel=\"\">\n<div class=\"accordion-item\"><a href=\"#\" class=\"accordion-title plain\"><button class=\"toggle\"><i class=\"icon-angle-down\"><\/i><\/button><span>Quais s\u00e3o os custos de entrega dos pedidos da Loja Online?<\/span><\/a><div class=\"accordion-inner\">\n<p>Lorem ipsum dolor sit amet, consectetur adipiscing elit. Aenean id convallis tellus. Nulla aliquam in mi et convallis. Pellentesque rutrum feugiat ante ut imperdiet. Vivamus et dolor nec nisl consectetur vulputate id non ante.<\/p>\n<\/div><\/div>\n<div class=\"accordion-item\"><a href=\"#\" class=\"accordion-title plain\"><button class=\"toggle\"><i class=\"icon-angle-down\"><\/i><\/button><span>Quais m\u00e9todos de pagamento s\u00e3o aceitos na Loja Online?<\/span><\/a><div class=\"accordion-inner\">\n<p>Lorem ipsum dolor sit amet, consectetur adipiscing elit. Aenean id convallis tellus. Nulla aliquam in mi et convallis. Pellentesque rutrum feugiat ante ut imperdiet. Vivamus et dolor nec nisl consectetur vulputate id non ante.<\/p>\n<\/div><\/div>\n<div class=\"accordion-item\"><a href=\"#\" class=\"accordion-title plain\"><button class=\"toggle\"><i class=\"icon-angle-down\"><\/i><\/button><span>Em quanto tempo a encomenda chega?<\/span><\/a><div class=\"accordion-inner\">\n<p>Lorem ipsum dolor sit amet, consectetur adipiscing elit. Aenean id convallis tellus. Nulla aliquam in mi et convallis. Pellentesque rutrum feugiat ante ut imperdiet. Vivamus et dolor nec nisl consectetur vulputate id non ante. <\/p>\n<\/div><\/div>\n<div class=\"accordion-item\"><a href=\"#\" class=\"accordion-title plain\"><button class=\"toggle\"><i class=\"icon-angle-down\"><\/i><\/button><span>Qu\u00e3o segura \u00e9 a compra na Loja Online? Meus dados est\u00e3o protegidos?<\/span><\/a><div class=\"accordion-inner\">\n<p>Lorem ipsum dolor sit amet, consectetur adipiscing elit. Aenean id convallis tellus. Nulla aliquam in mi et convallis. Pellentesque rutrum feugiat ante ut imperdiet. Vivamus et dolor nec nisl consectetur vulputate id non ante.<\/p>\n<\/div><\/div>\n<div class=\"accordion-item\"><a href=\"#\" class=\"accordion-title plain\"><button class=\"toggle\"><i class=\"icon-angle-down\"><\/i><\/button><span>O que exatamente acontece ap\u00f3s o pedido?<\/span><\/a><div class=\"accordion-inner\">\n<p>Lorem ipsum dolor sit amet, consectetur adipiscing elit. Aenean id convallis tellus. Nulla aliquam in mi et convallis. Pellentesque rutrum feugiat ante ut imperdiet. Vivamus et dolor nec nisl consectetur vulputate id non ante. <\/p>\n<\/div><\/div>\n<div class=\"accordion-item\"><a href=\"#\" class=\"accordion-title plain\"><button class=\"toggle\"><i class=\"icon-angle-down\"><\/i><\/button><span>Recebo uma fatura do meu pedido?<\/span><\/a><div class=\"accordion-inner\">\n<p>Lorem ipsum dolor sit amet, consectetur adipiscing elit. Aenean id convallis tellus. Nulla aliquam in mi et convallis. Pellentesque rutrum feugiat ante ut imperdiet. Vivamus et dolor nec nisl consectetur vulputate id non ante. <\/p>\n<\/div><\/div>\n<\/div>\n\t\t<\/div>\n\t\t\t<\/div>\n\n\t\n\n\t<div id=\"col-1047528260\" class=\"col medium-6 large-6\"  >\n\t\t<div class=\"col-inner\"  >\n\t\t\t\n\t\t\t\n<div class=\"is-divider divider clearfix\" style=\"max-width:50px;\"><\/div>\n<div class=\"container section-title-container\" ><h3 class=\"section-title section-title-normal\"><b><\/b><span class=\"section-title-main\" >envie-nos um e-mail<\/span><b><\/b><\/h3><\/div>\n\n<div class=\"wpcf7 no-js\" id=\"wpcf7-f13-o1\" lang=\"en-US\" dir=\"ltr\" data-wpcf7-id=\"13\">\n<div class=\"screen-reader-response\"><p role=\"status\" aria-live=\"polite\" aria-atomic=\"true\"><\/p> <ul><\/ul><\/div>\n<form action=\"\/loja\/wp-json\/wp\/v2\/pages\/90#wpcf7-f13-o1\" method=\"post\" class=\"wpcf7-form init\" aria-label=\"Contact form\" novalidate=\"novalidate\" data-status=\"init\">\n<fieldset class=\"hidden-fields-container\"><input type=\"hidden\" name=\"_wpcf7\" value=\"13\" \/><input type=\"hidden\" name=\"_wpcf7_version\" value=\"6.1.5\" \/><input type=\"hidden\" name=\"_wpcf7_locale\" value=\"en_US\" \/><input type=\"hidden\" name=\"_wpcf7_unit_tag\" value=\"wpcf7-f13-o1\" \/><input type=\"hidden\" name=\"_wpcf7_container_post\" value=\"0\" \/><input type=\"hidden\" name=\"_wpcf7_posted_data_hash\" value=\"\" \/>\n<\/fieldset>\n<p><label>Seu Nome<\/label><br \/>\n<span class=\"wpcf7-form-control-wrap\" data-name=\"your-name\"><input size=\"40\" maxlength=\"400\" class=\"wpcf7-form-control wpcf7-text wpcf7-validates-as-required\" aria-required=\"true\" aria-invalid=\"false\" value=\"\" type=\"text\" name=\"your-name\" \/><\/span>\n<\/p>\n<p><label>Seu Email<\/label><br \/>\n<span class=\"wpcf7-form-control-wrap\" data-name=\"your-email\"><input size=\"40\" maxlength=\"400\" class=\"wpcf7-form-control wpcf7-email wpcf7-validates-as-required wpcf7-text wpcf7-validates-as-email\" aria-required=\"true\" aria-invalid=\"false\" value=\"\" type=\"email\" name=\"your-email\" \/><\/span>\n<\/p>\n<p><label>Sua Mensagem<\/label><br \/>\n<span class=\"wpcf7-form-control-wrap\" data-name=\"your-message\"><textarea cols=\"40\" rows=\"10\" maxlength=\"2000\" class=\"wpcf7-form-control wpcf7-textarea\" aria-invalid=\"false\" name=\"your-message\"><\/textarea><\/span>\n<\/p>\n<p><input class=\"wpcf7-form-control wpcf7-submit has-spinner button\" type=\"submit\" value=\"Enviar\" \/>\n<\/p><div class=\"wpcf7-response-output\" aria-hidden=\"true\"><\/div>\n<\/form>\n<\/div>\n\n<p>Fone: (19) 97152-2649<br \/>\nemail: contato@lenhagrill.com.br<br \/>Avenida Berta Buhrnheim, 614<br \/> Vila Joest &#8211; Leme &#8211; SP<\/p>\n\t\t<\/div>\n\t\t\t<\/div>\n\n\t\n<\/div>\n<p>\u00a0<\/p>\n","protected":false},"excerpt":{"rendered":"<p>\u00a0<\/p>\n","protected":false},"author":1,"featured_media":14,"parent":49,"menu_order":0,"comment_status":"closed","ping_status":"closed","template":"page-blank.php","meta":{"_joinchat":[],"footnotes":""},"class_list":["post-90","page","type-page","status-publish","has-post-thumbnail","hentry"],"yoast_head":"<!-- This site is optimized with the Yoast SEO plugin v26.8 - https:\/\/yoast.com\/product\/yoast-seo-wordpress\/ -->\n<title>Contact - Lenha Grill<\/title>\n<meta name=\"robots\" content=\"index, follow, max-snippet:-1, max-image-preview:large, max-video-preview:-1\" \/>\n<link rel=\"canonical\" href=\"https:\/\/lenhagrill.com.br\/loja\/elements\/pages\/contact\/\" \/>\n<meta property=\"og:locale\" content=\"pt_BR\" \/>\n<meta property=\"og:type\" content=\"article\" \/>\n<meta property=\"og:title\" content=\"Contact - Lenha Grill\" \/>\n<meta property=\"og:description\" content=\"\u00a0\" \/>\n<meta property=\"og:url\" content=\"https:\/\/lenhagrill.com.br\/loja\/elements\/pages\/contact\/\" \/>\n<meta property=\"og:site_name\" content=\"Lenha Grill\" \/>\n<meta property=\"article:publisher\" content=\"https:\/\/www.facebook.com\/LenhaGril\" \/>\n<meta property=\"article:modified_time\" content=\"2020-07-29T03:11:02+00:00\" \/>\n<meta property=\"og:image\" content=\"https:\/\/i2.wp.com\/lenhagrill.com.br\/loja\/wp-content\/uploads\/2016\/08\/dummy-1.jpg?fit=400%2C260&ssl=1\" \/>\n\t<meta property=\"og:image:width\" content=\"400\" \/>\n\t<meta property=\"og:image:height\" content=\"260\" \/>\n\t<meta property=\"og:image:type\" content=\"image\/jpeg\" \/>\n<meta name=\"twitter:card\" content=\"summary_large_image\" \/>\n<meta name=\"twitter:label1\" content=\"Est. tempo de leitura\" \/>\n\t<meta name=\"twitter:data1\" content=\"2 minutos\" \/>\n<script type=\"application\/ld+json\" class=\"yoast-schema-graph\">{\"@context\":\"https:\/\/schema.org\",\"@graph\":[{\"@type\":\"WebPage\",\"@id\":\"https:\/\/lenhagrill.com.br\/loja\/elements\/pages\/contact\/\",\"url\":\"https:\/\/lenhagrill.com.br\/loja\/elements\/pages\/contact\/\",\"name\":\"Contact - Lenha Grill\",\"isPartOf\":{\"@id\":\"https:\/\/lenhagrill.com.br\/loja\/#website\"},\"primaryImageOfPage\":{\"@id\":\"https:\/\/lenhagrill.com.br\/loja\/elements\/pages\/contact\/#primaryimage\"},\"image\":{\"@id\":\"https:\/\/lenhagrill.com.br\/loja\/elements\/pages\/contact\/#primaryimage\"},\"thumbnailUrl\":\"https:\/\/i0.wp.com\/lenhagrill.com.br\/loja\/wp-content\/uploads\/2016\/08\/dummy-1.jpg?fit=400%2C260&ssl=1\",\"datePublished\":\"2013-08-11T19:22:53+00:00\",\"dateModified\":\"2020-07-29T03:11:02+00:00\",\"breadcrumb\":{\"@id\":\"https:\/\/lenhagrill.com.br\/loja\/elements\/pages\/contact\/#breadcrumb\"},\"inLanguage\":\"pt-BR\",\"potentialAction\":[{\"@type\":\"ReadAction\",\"target\":[\"https:\/\/lenhagrill.com.br\/loja\/elements\/pages\/contact\/\"]}]},{\"@type\":\"ImageObject\",\"inLanguage\":\"pt-BR\",\"@id\":\"https:\/\/lenhagrill.com.br\/loja\/elements\/pages\/contact\/#primaryimage\",\"url\":\"https:\/\/i0.wp.com\/lenhagrill.com.br\/loja\/wp-content\/uploads\/2016\/08\/dummy-1.jpg?fit=400%2C260&ssl=1\",\"contentUrl\":\"https:\/\/i0.wp.com\/lenhagrill.com.br\/loja\/wp-content\/uploads\/2016\/08\/dummy-1.jpg?fit=400%2C260&ssl=1\",\"width\":400,\"height\":260},{\"@type\":\"BreadcrumbList\",\"@id\":\"https:\/\/lenhagrill.com.br\/loja\/elements\/pages\/contact\/#breadcrumb\",\"itemListElement\":[{\"@type\":\"ListItem\",\"position\":1,\"name\":\"In\u00edcio\",\"item\":\"https:\/\/lenhagrill.com.br\/loja\/\"},{\"@type\":\"ListItem\",\"position\":2,\"name\":\"Elements\",\"item\":\"https:\/\/lenhagrill.com.br\/loja\/elements\/\"},{\"@type\":\"ListItem\",\"position\":3,\"name\":\"Pages\",\"item\":\"https:\/\/lenhagrill.com.br\/loja\/elements\/pages\/\"},{\"@type\":\"ListItem\",\"position\":4,\"name\":\"Contact\"}]},{\"@type\":\"WebSite\",\"@id\":\"https:\/\/lenhagrill.com.br\/loja\/#website\",\"url\":\"https:\/\/lenhagrill.com.br\/loja\/\",\"name\":\"Lenha Grill\",\"description\":\"Churrasqueiras pr\u00e9-moldadas e fornos a lenha\",\"publisher\":{\"@id\":\"https:\/\/lenhagrill.com.br\/loja\/#organization\"},\"potentialAction\":[{\"@type\":\"SearchAction\",\"target\":{\"@type\":\"EntryPoint\",\"urlTemplate\":\"https:\/\/lenhagrill.com.br\/loja\/?s={search_term_string}\"},\"query-input\":{\"@type\":\"PropertyValueSpecification\",\"valueRequired\":true,\"valueName\":\"search_term_string\"}}],\"inLanguage\":\"pt-BR\"},{\"@type\":\"Organization\",\"@id\":\"https:\/\/lenhagrill.com.br\/loja\/#organization\",\"name\":\"Lenha Grill Churrasqueiras\",\"url\":\"https:\/\/lenhagrill.com.br\/loja\/\",\"logo\":{\"@type\":\"ImageObject\",\"inLanguage\":\"pt-BR\",\"@id\":\"https:\/\/lenhagrill.com.br\/loja\/#\/schema\/logo\/image\/\",\"url\":\"https:\/\/lenhagrill.com.br\/loja\/wp-content\/uploads\/2020\/07\/logo.png\",\"contentUrl\":\"https:\/\/lenhagrill.com.br\/loja\/wp-content\/uploads\/2020\/07\/logo.png\",\"width\":1153,\"height\":1137,\"caption\":\"Lenha Grill Churrasqueiras\"},\"image\":{\"@id\":\"https:\/\/lenhagrill.com.br\/loja\/#\/schema\/logo\/image\/\"},\"sameAs\":[\"https:\/\/www.facebook.com\/LenhaGril\"]}]}<\/script>\n<!-- \/ Yoast SEO plugin. -->","yoast_head_json":{"title":"Contact - Lenha Grill","robots":{"index":"index","follow":"follow","max-snippet":"max-snippet:-1","max-image-preview":"max-image-preview:large","max-video-preview":"max-video-preview:-1"},"canonical":"https:\/\/lenhagrill.com.br\/loja\/elements\/pages\/contact\/","og_locale":"pt_BR","og_type":"article","og_title":"Contact - Lenha Grill","og_description":"\u00a0","og_url":"https:\/\/lenhagrill.com.br\/loja\/elements\/pages\/contact\/","og_site_name":"Lenha Grill","article_publisher":"https:\/\/www.facebook.com\/LenhaGril","article_modified_time":"2020-07-29T03:11:02+00:00","og_image":[{"width":400,"height":260,"url":"https:\/\/i2.wp.com\/lenhagrill.com.br\/loja\/wp-content\/uploads\/2016\/08\/dummy-1.jpg?fit=400%2C260&ssl=1","type":"image\/jpeg"}],"twitter_card":"summary_large_image","twitter_misc":{"Est. tempo de leitura":"2 minutos"},"schema":{"@context":"https:\/\/schema.org","@graph":[{"@type":"WebPage","@id":"https:\/\/lenhagrill.com.br\/loja\/elements\/pages\/contact\/","url":"https:\/\/lenhagrill.com.br\/loja\/elements\/pages\/contact\/","name":"Contact - Lenha Grill","isPartOf":{"@id":"https:\/\/lenhagrill.com.br\/loja\/#website"},"primaryImageOfPage":{"@id":"https:\/\/lenhagrill.com.br\/loja\/elements\/pages\/contact\/#primaryimage"},"image":{"@id":"https:\/\/lenhagrill.com.br\/loja\/elements\/pages\/contact\/#primaryimage"},"thumbnailUrl":"https:\/\/i0.wp.com\/lenhagrill.com.br\/loja\/wp-content\/uploads\/2016\/08\/dummy-1.jpg?fit=400%2C260&ssl=1","datePublished":"2013-08-11T19:22:53+00:00","dateModified":"2020-07-29T03:11:02+00:00","breadcrumb":{"@id":"https:\/\/lenhagrill.com.br\/loja\/elements\/pages\/contact\/#breadcrumb"},"inLanguage":"pt-BR","potentialAction":[{"@type":"ReadAction","target":["https:\/\/lenhagrill.com.br\/loja\/elements\/pages\/contact\/"]}]},{"@type":"ImageObject","inLanguage":"pt-BR","@id":"https:\/\/lenhagrill.com.br\/loja\/elements\/pages\/contact\/#primaryimage","url":"https:\/\/i0.wp.com\/lenhagrill.com.br\/loja\/wp-content\/uploads\/2016\/08\/dummy-1.jpg?fit=400%2C260&ssl=1","contentUrl":"https:\/\/i0.wp.com\/lenhagrill.com.br\/loja\/wp-content\/uploads\/2016\/08\/dummy-1.jpg?fit=400%2C260&ssl=1","width":400,"height":260},{"@type":"BreadcrumbList","@id":"https:\/\/lenhagrill.com.br\/loja\/elements\/pages\/contact\/#breadcrumb","itemListElement":[{"@type":"ListItem","position":1,"name":"In\u00edcio","item":"https:\/\/lenhagrill.com.br\/loja\/"},{"@type":"ListItem","position":2,"name":"Elements","item":"https:\/\/lenhagrill.com.br\/loja\/elements\/"},{"@type":"ListItem","position":3,"name":"Pages","item":"https:\/\/lenhagrill.com.br\/loja\/elements\/pages\/"},{"@type":"ListItem","position":4,"name":"Contact"}]},{"@type":"WebSite","@id":"https:\/\/lenhagrill.com.br\/loja\/#website","url":"https:\/\/lenhagrill.com.br\/loja\/","name":"Lenha Grill","description":"Churrasqueiras pr\u00e9-moldadas e fornos a lenha","publisher":{"@id":"https:\/\/lenhagrill.com.br\/loja\/#organization"},"potentialAction":[{"@type":"SearchAction","target":{"@type":"EntryPoint","urlTemplate":"https:\/\/lenhagrill.com.br\/loja\/?s={search_term_string}"},"query-input":{"@type":"PropertyValueSpecification","valueRequired":true,"valueName":"search_term_string"}}],"inLanguage":"pt-BR"},{"@type":"Organization","@id":"https:\/\/lenhagrill.com.br\/loja\/#organization","name":"Lenha Grill Churrasqueiras","url":"https:\/\/lenhagrill.com.br\/loja\/","logo":{"@type":"ImageObject","inLanguage":"pt-BR","@id":"https:\/\/lenhagrill.com.br\/loja\/#\/schema\/logo\/image\/","url":"https:\/\/lenhagrill.com.br\/loja\/wp-content\/uploads\/2020\/07\/logo.png","contentUrl":"https:\/\/lenhagrill.com.br\/loja\/wp-content\/uploads\/2020\/07\/logo.png","width":1153,"height":1137,"caption":"Lenha Grill Churrasqueiras"},"image":{"@id":"https:\/\/lenhagrill.com.br\/loja\/#\/schema\/logo\/image\/"},"sameAs":["https:\/\/www.facebook.com\/LenhaGril"]}]}},"jetpack_sharing_enabled":true,"_links":{"self":[{"href":"https:\/\/lenhagrill.com.br\/loja\/wp-json\/wp\/v2\/pages\/90","targetHints":{"allow":["GET"]}}],"collection":[{"href":"https:\/\/lenhagrill.com.br\/loja\/wp-json\/wp\/v2\/pages"}],"about":[{"href":"https:\/\/lenhagrill.com.br\/loja\/wp-json\/wp\/v2\/types\/page"}],"author":[{"embeddable":true,"href":"https:\/\/lenhagrill.com.br\/loja\/wp-json\/wp\/v2\/users\/1"}],"replies":[{"embeddable":true,"href":"https:\/\/lenhagrill.com.br\/loja\/wp-json\/wp\/v2\/comments?post=90"}],"version-history":[{"count":0,"href":"https:\/\/lenhagrill.com.br\/loja\/wp-json\/wp\/v2\/pages\/90\/revisions"}],"up":[{"embeddable":true,"href":"https:\/\/lenhagrill.com.br\/loja\/wp-json\/wp\/v2\/pages\/49"}],"wp:featuredmedia":[{"embeddable":true,"href":"https:\/\/lenhagrill.com.br\/loja\/wp-json\/wp\/v2\/media\/14"}],"wp:attachment":[{"href":"https:\/\/lenhagrill.com.br\/loja\/wp-json\/wp\/v2\/media?parent=90"}],"curies":[{"name":"wp","href":"https:\/\/api.w.org\/{rel}","templated":true}]}}