{"id":356,"date":"2020-08-19T18:24:10","date_gmt":"2020-08-19T21:24:10","guid":{"rendered":"https:\/\/lenhagrill.com.br\/loja\/?post_type=product&#038;p=356"},"modified":"2023-04-05T19:56:48","modified_gmt":"2023-04-05T22:56:48","slug":"fogao-e-churrasqueira-a-lenha-portatil","status":"publish","type":"product","link":"https:\/\/lenhagrill.com.br\/loja\/product\/fogao-e-churrasqueira-a-lenha-portatil\/","title":{"rendered":"FOG\u00c3O E CHURRASQUEIRA A LENHA PORT\u00c1TIL"},"content":{"rendered":"<p>Ocupa pouco espa\u00e7o e pode ser levado para qualquer lugar!\ud83d\udea8<br \/>\nPRODUTO DIRETO DE F\u00c1BRICA<br \/>\n\ud83d\udcb4Fog\u00e3o 3 bocas 549,00<br \/>\n\ud83d\udcb4 Fog\u00e3o 4 bocas+churrasqueira R$ 649,00<br \/>\n\u2705FRETE A COMBINAR<br \/>\n\u2705Fa\u00e7a o seu pedido\ud83d\udcf2(19) 9 9750-6730<br \/>\n\ud83d\udcf2(19) 9 97152-2649<br \/>\n\u2705 N\u00c3O RECEBEMOS NADA ADIANTADO SOMENTE MEDIANTE A ENTREGA DO PRODUTO e parcelamos no Cart\u00e3o em at\u00e9 12x com acr\u00e9scimos \ud83d\udcb3<br \/>\n\ud83e\udd69 Grelha vendida a parte R$ 70,00<br \/>\n\u27a1 PRODUTO EM CONCRETO USINADO DE ALTA RESIST\u00caNCIA COM PLACAS REFRAT\u00c1RIAS.<\/p>\n","protected":false},"excerpt":{"rendered":"<p>Ocupa pouco espa\u00e7o e pode ser levado para qualquer lugar!\ud83d\udea8 PRODUTO DIRETO DE F\u00c1BRICA \ud83d\udcb4Fog\u00e3o 3 bocas 549,00 \ud83d\udcb4 Fog\u00e3o 4 bocas+churrasqueira R$ 649,00 \u2705FRETE A COMBINAR \u2705Fa\u00e7a o seu pedido\ud83d\udcf2(19) 9 9750-6730 \ud83d\udcf2(19) 9 97152-2649 \u2705 N\u00c3O RECEBEMOS NADA ADIANTADO SOMENTE MEDIANTE A ENTREGA DO PRODUTO e parcelamos no Cart\u00e3o em at\u00e9 12x com [&#8230;]\n","protected":false},"featured_media":357,"comment_status":"open","ping_status":"closed","template":"","meta":{"_joinchat":[]},"product_brand":[],"product_cat":[68],"product_tag":[70,76,74,73,77,75],"class_list":{"0":"post-356","1":"product","2":"type-product","3":"status-publish","4":"has-post-thumbnail","6":"product_cat-churrasqueiras","7":"product_tag-churrasqueira","8":"product_tag-churrasqueira-portatil","9":"product_tag-fogao","10":"product_tag-fogao-a-lenha-portatil","11":"product_tag-fogao-e-churraqueira-portatil","12":"product_tag-fogao-portatil","14":"first","15":"outofstock","16":"shipping-taxable","17":"product-type-simple"},"yoast_head":"<!-- This site is optimized with the Yoast SEO plugin v26.8 - https:\/\/yoast.com\/product\/yoast-seo-wordpress\/ -->\n<title>FOG\u00c3O E CHURRASQUEIRA A LENHA PORT\u00c1TIL - Lenha Grill<\/title>\n<meta name=\"description\" content=\"Ocupa pouco espa\u00e7o e pode ser levado para qualquer lugar! PRODUTO DIRETO DE F\u00c1BRICA\" \/>\n<meta name=\"robots\" content=\"index, follow, max-snippet:-1, max-image-preview:large, max-video-preview:-1\" \/>\n<link rel=\"canonical\" href=\"https:\/\/lenhagrill.com.br\/loja\/product\/fogao-e-churrasqueira-a-lenha-portatil\/\" \/>\n<meta property=\"og:locale\" content=\"pt_BR\" \/>\n<meta property=\"og:type\" content=\"article\" \/>\n<meta property=\"og:title\" content=\"FOG\u00c3O E CHURRASQUEIRA A LENHA PORT\u00c1TIL - Lenha Grill\" \/>\n<meta property=\"og:description\" content=\"Ocupa pouco espa\u00e7o e pode ser levado para qualquer lugar! PRODUTO DIRETO DE F\u00c1BRICA\" \/>\n<meta property=\"og:url\" content=\"https:\/\/lenhagrill.com.br\/loja\/product\/fogao-e-churrasqueira-a-lenha-portatil\/\" \/>\n<meta property=\"og:site_name\" content=\"Lenha Grill\" \/>\n<meta property=\"article:publisher\" content=\"https:\/\/www.facebook.com\/LenhaGril\" \/>\n<meta property=\"article:modified_time\" content=\"2023-04-05T22:56:48+00:00\" \/>\n<meta property=\"og:image\" content=\"https:\/\/lenhagrill.com.br\/loja\/wp-content\/uploads\/2020\/08\/109724204_1192128007787120_2385779249317603671_n.jpg\" \/>\n\t<meta property=\"og:image:width\" content=\"960\" \/>\n\t<meta property=\"og:image:height\" content=\"720\" \/>\n\t<meta property=\"og:image:type\" content=\"image\/jpeg\" \/>\n<meta name=\"twitter:card\" content=\"summary_large_image\" \/>\n<script type=\"application\/ld+json\" class=\"yoast-schema-graph\">{\"@context\":\"https:\/\/schema.org\",\"@graph\":[{\"@type\":\"WebPage\",\"@id\":\"https:\/\/lenhagrill.com.br\/loja\/product\/fogao-e-churrasqueira-a-lenha-portatil\/\",\"url\":\"https:\/\/lenhagrill.com.br\/loja\/product\/fogao-e-churrasqueira-a-lenha-portatil\/\",\"name\":\"FOG\u00c3O E CHURRASQUEIRA A LENHA PORT\u00c1TIL - Lenha Grill\",\"isPartOf\":{\"@id\":\"https:\/\/lenhagrill.com.br\/loja\/#website\"},\"primaryImageOfPage\":{\"@id\":\"https:\/\/lenhagrill.com.br\/loja\/product\/fogao-e-churrasqueira-a-lenha-portatil\/#primaryimage\"},\"image\":{\"@id\":\"https:\/\/lenhagrill.com.br\/loja\/product\/fogao-e-churrasqueira-a-lenha-portatil\/#primaryimage\"},\"thumbnailUrl\":\"https:\/\/i0.wp.com\/lenhagrill.com.br\/loja\/wp-content\/uploads\/2020\/08\/109724204_1192128007787120_2385779249317603671_n.jpg?fit=960%2C720&ssl=1\",\"datePublished\":\"2020-08-19T21:24:10+00:00\",\"dateModified\":\"2023-04-05T22:56:48+00:00\",\"description\":\"Ocupa pouco espa\u00e7o e pode ser levado para qualquer lugar! PRODUTO DIRETO DE F\u00c1BRICA\",\"breadcrumb\":{\"@id\":\"https:\/\/lenhagrill.com.br\/loja\/product\/fogao-e-churrasqueira-a-lenha-portatil\/#breadcrumb\"},\"inLanguage\":\"pt-BR\",\"potentialAction\":[{\"@type\":\"ReadAction\",\"target\":[\"https:\/\/lenhagrill.com.br\/loja\/product\/fogao-e-churrasqueira-a-lenha-portatil\/\"]}]},{\"@type\":\"ImageObject\",\"inLanguage\":\"pt-BR\",\"@id\":\"https:\/\/lenhagrill.com.br\/loja\/product\/fogao-e-churrasqueira-a-lenha-portatil\/#primaryimage\",\"url\":\"https:\/\/i0.wp.com\/lenhagrill.com.br\/loja\/wp-content\/uploads\/2020\/08\/109724204_1192128007787120_2385779249317603671_n.jpg?fit=960%2C720&ssl=1\",\"contentUrl\":\"https:\/\/i0.wp.com\/lenhagrill.com.br\/loja\/wp-content\/uploads\/2020\/08\/109724204_1192128007787120_2385779249317603671_n.jpg?fit=960%2C720&ssl=1\",\"width\":960,\"height\":720},{\"@type\":\"BreadcrumbList\",\"@id\":\"https:\/\/lenhagrill.com.br\/loja\/product\/fogao-e-churrasqueira-a-lenha-portatil\/#breadcrumb\",\"itemListElement\":[{\"@type\":\"ListItem\",\"position\":1,\"name\":\"In\u00edcio\",\"item\":\"https:\/\/lenhagrill.com.br\/loja\/\"},{\"@type\":\"ListItem\",\"position\":2,\"name\":\"Produtos\",\"item\":\"https:\/\/lenhagrill.com.br\/loja\/shop\/\"},{\"@type\":\"ListItem\",\"position\":3,\"name\":\"FOG\u00c3O E CHURRASQUEIRA A LENHA PORT\u00c1TIL\"}]},{\"@type\":\"WebSite\",\"@id\":\"https:\/\/lenhagrill.com.br\/loja\/#website\",\"url\":\"https:\/\/lenhagrill.com.br\/loja\/\",\"name\":\"Lenha Grill\",\"description\":\"Churrasqueiras pr\u00e9-moldadas e fornos a lenha\",\"publisher\":{\"@id\":\"https:\/\/lenhagrill.com.br\/loja\/#organization\"},\"potentialAction\":[{\"@type\":\"SearchAction\",\"target\":{\"@type\":\"EntryPoint\",\"urlTemplate\":\"https:\/\/lenhagrill.com.br\/loja\/?s={search_term_string}\"},\"query-input\":{\"@type\":\"PropertyValueSpecification\",\"valueRequired\":true,\"valueName\":\"search_term_string\"}}],\"inLanguage\":\"pt-BR\"},{\"@type\":\"Organization\",\"@id\":\"https:\/\/lenhagrill.com.br\/loja\/#organization\",\"name\":\"Lenha Grill Churrasqueiras\",\"url\":\"https:\/\/lenhagrill.com.br\/loja\/\",\"logo\":{\"@type\":\"ImageObject\",\"inLanguage\":\"pt-BR\",\"@id\":\"https:\/\/lenhagrill.com.br\/loja\/#\/schema\/logo\/image\/\",\"url\":\"https:\/\/lenhagrill.com.br\/loja\/wp-content\/uploads\/2020\/07\/logo.png\",\"contentUrl\":\"https:\/\/lenhagrill.com.br\/loja\/wp-content\/uploads\/2020\/07\/logo.png\",\"width\":1153,\"height\":1137,\"caption\":\"Lenha Grill Churrasqueiras\"},\"image\":{\"@id\":\"https:\/\/lenhagrill.com.br\/loja\/#\/schema\/logo\/image\/\"},\"sameAs\":[\"https:\/\/www.facebook.com\/LenhaGril\"]}]}<\/script>\n<!-- \/ Yoast SEO plugin. -->","yoast_head_json":{"title":"FOG\u00c3O E CHURRASQUEIRA A LENHA PORT\u00c1TIL - Lenha Grill","description":"Ocupa pouco espa\u00e7o e pode ser levado para qualquer lugar! PRODUTO DIRETO DE F\u00c1BRICA","robots":{"index":"index","follow":"follow","max-snippet":"max-snippet:-1","max-image-preview":"max-image-preview:large","max-video-preview":"max-video-preview:-1"},"canonical":"https:\/\/lenhagrill.com.br\/loja\/product\/fogao-e-churrasqueira-a-lenha-portatil\/","og_locale":"pt_BR","og_type":"article","og_title":"FOG\u00c3O E CHURRASQUEIRA A LENHA PORT\u00c1TIL - Lenha Grill","og_description":"Ocupa pouco espa\u00e7o e pode ser levado para qualquer lugar! PRODUTO DIRETO DE F\u00c1BRICA","og_url":"https:\/\/lenhagrill.com.br\/loja\/product\/fogao-e-churrasqueira-a-lenha-portatil\/","og_site_name":"Lenha Grill","article_publisher":"https:\/\/www.facebook.com\/LenhaGril","article_modified_time":"2023-04-05T22:56:48+00:00","og_image":[{"width":960,"height":720,"url":"https:\/\/lenhagrill.com.br\/loja\/wp-content\/uploads\/2020\/08\/109724204_1192128007787120_2385779249317603671_n.jpg","type":"image\/jpeg"}],"twitter_card":"summary_large_image","schema":{"@context":"https:\/\/schema.org","@graph":[{"@type":"WebPage","@id":"https:\/\/lenhagrill.com.br\/loja\/product\/fogao-e-churrasqueira-a-lenha-portatil\/","url":"https:\/\/lenhagrill.com.br\/loja\/product\/fogao-e-churrasqueira-a-lenha-portatil\/","name":"FOG\u00c3O E CHURRASQUEIRA A LENHA PORT\u00c1TIL - Lenha Grill","isPartOf":{"@id":"https:\/\/lenhagrill.com.br\/loja\/#website"},"primaryImageOfPage":{"@id":"https:\/\/lenhagrill.com.br\/loja\/product\/fogao-e-churrasqueira-a-lenha-portatil\/#primaryimage"},"image":{"@id":"https:\/\/lenhagrill.com.br\/loja\/product\/fogao-e-churrasqueira-a-lenha-portatil\/#primaryimage"},"thumbnailUrl":"https:\/\/i0.wp.com\/lenhagrill.com.br\/loja\/wp-content\/uploads\/2020\/08\/109724204_1192128007787120_2385779249317603671_n.jpg?fit=960%2C720&ssl=1","datePublished":"2020-08-19T21:24:10+00:00","dateModified":"2023-04-05T22:56:48+00:00","description":"Ocupa pouco espa\u00e7o e pode ser levado para qualquer lugar! PRODUTO DIRETO DE F\u00c1BRICA","breadcrumb":{"@id":"https:\/\/lenhagrill.com.br\/loja\/product\/fogao-e-churrasqueira-a-lenha-portatil\/#breadcrumb"},"inLanguage":"pt-BR","potentialAction":[{"@type":"ReadAction","target":["https:\/\/lenhagrill.com.br\/loja\/product\/fogao-e-churrasqueira-a-lenha-portatil\/"]}]},{"@type":"ImageObject","inLanguage":"pt-BR","@id":"https:\/\/lenhagrill.com.br\/loja\/product\/fogao-e-churrasqueira-a-lenha-portatil\/#primaryimage","url":"https:\/\/i0.wp.com\/lenhagrill.com.br\/loja\/wp-content\/uploads\/2020\/08\/109724204_1192128007787120_2385779249317603671_n.jpg?fit=960%2C720&ssl=1","contentUrl":"https:\/\/i0.wp.com\/lenhagrill.com.br\/loja\/wp-content\/uploads\/2020\/08\/109724204_1192128007787120_2385779249317603671_n.jpg?fit=960%2C720&ssl=1","width":960,"height":720},{"@type":"BreadcrumbList","@id":"https:\/\/lenhagrill.com.br\/loja\/product\/fogao-e-churrasqueira-a-lenha-portatil\/#breadcrumb","itemListElement":[{"@type":"ListItem","position":1,"name":"In\u00edcio","item":"https:\/\/lenhagrill.com.br\/loja\/"},{"@type":"ListItem","position":2,"name":"Produtos","item":"https:\/\/lenhagrill.com.br\/loja\/shop\/"},{"@type":"ListItem","position":3,"name":"FOG\u00c3O E CHURRASQUEIRA A LENHA PORT\u00c1TIL"}]},{"@type":"WebSite","@id":"https:\/\/lenhagrill.com.br\/loja\/#website","url":"https:\/\/lenhagrill.com.br\/loja\/","name":"Lenha Grill","description":"Churrasqueiras pr\u00e9-moldadas e fornos a lenha","publisher":{"@id":"https:\/\/lenhagrill.com.br\/loja\/#organization"},"potentialAction":[{"@type":"SearchAction","target":{"@type":"EntryPoint","urlTemplate":"https:\/\/lenhagrill.com.br\/loja\/?s={search_term_string}"},"query-input":{"@type":"PropertyValueSpecification","valueRequired":true,"valueName":"search_term_string"}}],"inLanguage":"pt-BR"},{"@type":"Organization","@id":"https:\/\/lenhagrill.com.br\/loja\/#organization","name":"Lenha Grill Churrasqueiras","url":"https:\/\/lenhagrill.com.br\/loja\/","logo":{"@type":"ImageObject","inLanguage":"pt-BR","@id":"https:\/\/lenhagrill.com.br\/loja\/#\/schema\/logo\/image\/","url":"https:\/\/lenhagrill.com.br\/loja\/wp-content\/uploads\/2020\/07\/logo.png","contentUrl":"https:\/\/lenhagrill.com.br\/loja\/wp-content\/uploads\/2020\/07\/logo.png","width":1153,"height":1137,"caption":"Lenha Grill Churrasqueiras"},"image":{"@id":"https:\/\/lenhagrill.com.br\/loja\/#\/schema\/logo\/image\/"},"sameAs":["https:\/\/www.facebook.com\/LenhaGril"]}]}},"jetpack_sharing_enabled":true,"_links":{"self":[{"href":"https:\/\/lenhagrill.com.br\/loja\/wp-json\/wp\/v2\/product\/356","targetHints":{"allow":["GET"]}}],"collection":[{"href":"https:\/\/lenhagrill.com.br\/loja\/wp-json\/wp\/v2\/product"}],"about":[{"href":"https:\/\/lenhagrill.com.br\/loja\/wp-json\/wp\/v2\/types\/product"}],"replies":[{"embeddable":true,"href":"https:\/\/lenhagrill.com.br\/loja\/wp-json\/wp\/v2\/comments?post=356"}],"wp:featuredmedia":[{"embeddable":true,"href":"https:\/\/lenhagrill.com.br\/loja\/wp-json\/wp\/v2\/media\/357"}],"wp:attachment":[{"href":"https:\/\/lenhagrill.com.br\/loja\/wp-json\/wp\/v2\/media?parent=356"}],"wp:term":[{"taxonomy":"product_brand","embeddable":true,"href":"https:\/\/lenhagrill.com.br\/loja\/wp-json\/wp\/v2\/product_brand?post=356"},{"taxonomy":"product_cat","embeddable":true,"href":"https:\/\/lenhagrill.com.br\/loja\/wp-json\/wp\/v2\/product_cat?post=356"},{"taxonomy":"product_tag","embeddable":true,"href":"https:\/\/lenhagrill.com.br\/loja\/wp-json\/wp\/v2\/product_tag?post=356"}],"curies":[{"name":"wp","href":"https:\/\/api.w.org\/{rel}","templated":true}]}}