{"id":378,"date":"2020-12-11T11:12:22","date_gmt":"2020-12-11T14:12:22","guid":{"rendered":"https:\/\/lenhagrill.com.br\/loja\/?post_type=product&#038;p=378"},"modified":"2023-04-05T19:52:45","modified_gmt":"2023-04-05T22:52:45","slug":"conjugado-3-em-1-cimento-queimado","status":"publish","type":"product","link":"https:\/\/lenhagrill.com.br\/loja\/product\/conjugado-3-em-1-cimento-queimado\/","title":{"rendered":"Conjugado 3 em 1  Cimento Queimado"},"content":{"rendered":"<p>TRIO PR\u00c9 &#8211; MOLDADO PINTADO NA COR CIMENTO QUEIMADO<br \/>\n(Churrasqueira M\u00e9dia 65 cms + Forno Ferro Fundido Grande + Fog\u00e3o Chapa 3 Bocas)<br \/>\n* Medidas: 2.45 mts de comprimento \/ 60 cms de largura e 2.50 mts de altura<br \/>\n* Acompanha: 01 Grelha moeda in\u00f3x e 01 Suporte para apoiar Espetos<\/p>\n<p>IMPORTANTE !!!!!!!!!!!!<br \/>\nFAVOR CONSULTAR O VALOR FRETE ANTES da COMPRA (N\u00c3O TEMOS FRETE GR\u00c1TIS)<\/p>\n","protected":false},"excerpt":{"rendered":"<p>TRIO PR\u00c9 &#8211; MOLDADO PINTADO NA COR CIMENTO QUEIMADO (Churrasqueira M\u00e9dia 65 cms + Forno Ferro Fundido Grande + Fog\u00e3o Chapa 3 Bocas) * Medidas: 2.45 mts de comprimento \/ 60 cms de largura e 2.50 mts de altura * Acompanha: 01 Grelha moeda in\u00f3x e 01 Suporte para apoiar Espetos IMPORTANTE !!!!!!!!!!!! FAVOR CONSULTAR [&#8230;]\n","protected":false},"featured_media":379,"comment_status":"open","ping_status":"closed","template":"","meta":{"_joinchat":[]},"product_brand":[],"product_cat":[68],"product_tag":[81,85],"class_list":{"0":"post-378","1":"product","2":"type-product","3":"status-publish","4":"has-post-thumbnail","6":"product_cat-churrasqueiras","7":"product_tag-churrasqueira-3-em-1","8":"product_tag-cimento-queimado","10":"first","11":"instock","12":"shipping-taxable","13":"product-type-simple"},"yoast_head":"<!-- This site is optimized with the Yoast SEO plugin v26.8 - https:\/\/yoast.com\/product\/yoast-seo-wordpress\/ -->\n<title>Conjugado 3 em 1 Cimento Queimado - Lenha Grill<\/title>\n<meta name=\"description\" content=\"TRIO PR\u00c9 - MOLDADO PINTADO (ESTILO TIJOLINHO)NA COR CIMENTO QUEIMADO\" \/>\n<meta name=\"robots\" content=\"index, follow, max-snippet:-1, max-image-preview:large, max-video-preview:-1\" \/>\n<link rel=\"canonical\" href=\"https:\/\/lenhagrill.com.br\/loja\/product\/conjugado-3-em-1-cimento-queimado\/\" \/>\n<meta property=\"og:locale\" content=\"pt_BR\" \/>\n<meta property=\"og:type\" content=\"article\" \/>\n<meta property=\"og:title\" content=\"Conjugado 3 em 1 Cimento Queimado - Lenha Grill\" \/>\n<meta property=\"og:description\" content=\"TRIO PR\u00c9 - MOLDADO PINTADO (ESTILO TIJOLINHO)NA COR CIMENTO QUEIMADO\" \/>\n<meta property=\"og:url\" content=\"https:\/\/lenhagrill.com.br\/loja\/product\/conjugado-3-em-1-cimento-queimado\/\" \/>\n<meta property=\"og:site_name\" content=\"Lenha Grill\" \/>\n<meta property=\"article:publisher\" content=\"https:\/\/www.facebook.com\/LenhaGril\" \/>\n<meta property=\"article:modified_time\" content=\"2023-04-05T22:52:45+00:00\" \/>\n<meta property=\"og:image\" content=\"https:\/\/lenhagrill.com.br\/loja\/wp-content\/uploads\/2020\/12\/CIMENTO.jpeg\" \/>\n\t<meta property=\"og:image:width\" content=\"960\" \/>\n\t<meta property=\"og:image:height\" content=\"1280\" \/>\n\t<meta property=\"og:image:type\" content=\"image\/jpeg\" \/>\n<meta name=\"twitter:card\" content=\"summary_large_image\" \/>\n<meta name=\"twitter:label1\" content=\"Est. tempo de leitura\" \/>\n\t<meta name=\"twitter:data1\" content=\"1 minuto\" \/>\n<script type=\"application\/ld+json\" class=\"yoast-schema-graph\">{\"@context\":\"https:\/\/schema.org\",\"@graph\":[{\"@type\":\"WebPage\",\"@id\":\"https:\/\/lenhagrill.com.br\/loja\/product\/conjugado-3-em-1-cimento-queimado\/\",\"url\":\"https:\/\/lenhagrill.com.br\/loja\/product\/conjugado-3-em-1-cimento-queimado\/\",\"name\":\"Conjugado 3 em 1 Cimento Queimado - Lenha Grill\",\"isPartOf\":{\"@id\":\"https:\/\/lenhagrill.com.br\/loja\/#website\"},\"primaryImageOfPage\":{\"@id\":\"https:\/\/lenhagrill.com.br\/loja\/product\/conjugado-3-em-1-cimento-queimado\/#primaryimage\"},\"image\":{\"@id\":\"https:\/\/lenhagrill.com.br\/loja\/product\/conjugado-3-em-1-cimento-queimado\/#primaryimage\"},\"thumbnailUrl\":\"https:\/\/i0.wp.com\/lenhagrill.com.br\/loja\/wp-content\/uploads\/2020\/12\/CIMENTO.jpeg?fit=960%2C1280&ssl=1\",\"datePublished\":\"2020-12-11T14:12:22+00:00\",\"dateModified\":\"2023-04-05T22:52:45+00:00\",\"description\":\"TRIO PR\u00c9 - MOLDADO PINTADO (ESTILO TIJOLINHO)NA COR CIMENTO QUEIMADO\",\"breadcrumb\":{\"@id\":\"https:\/\/lenhagrill.com.br\/loja\/product\/conjugado-3-em-1-cimento-queimado\/#breadcrumb\"},\"inLanguage\":\"pt-BR\",\"potentialAction\":[{\"@type\":\"ReadAction\",\"target\":[\"https:\/\/lenhagrill.com.br\/loja\/product\/conjugado-3-em-1-cimento-queimado\/\"]}]},{\"@type\":\"ImageObject\",\"inLanguage\":\"pt-BR\",\"@id\":\"https:\/\/lenhagrill.com.br\/loja\/product\/conjugado-3-em-1-cimento-queimado\/#primaryimage\",\"url\":\"https:\/\/i0.wp.com\/lenhagrill.com.br\/loja\/wp-content\/uploads\/2020\/12\/CIMENTO.jpeg?fit=960%2C1280&ssl=1\",\"contentUrl\":\"https:\/\/i0.wp.com\/lenhagrill.com.br\/loja\/wp-content\/uploads\/2020\/12\/CIMENTO.jpeg?fit=960%2C1280&ssl=1\",\"width\":960,\"height\":1280},{\"@type\":\"BreadcrumbList\",\"@id\":\"https:\/\/lenhagrill.com.br\/loja\/product\/conjugado-3-em-1-cimento-queimado\/#breadcrumb\",\"itemListElement\":[{\"@type\":\"ListItem\",\"position\":1,\"name\":\"In\u00edcio\",\"item\":\"https:\/\/lenhagrill.com.br\/loja\/\"},{\"@type\":\"ListItem\",\"position\":2,\"name\":\"Produtos\",\"item\":\"https:\/\/lenhagrill.com.br\/loja\/shop\/\"},{\"@type\":\"ListItem\",\"position\":3,\"name\":\"Conjugado 3 em 1 Cimento Queimado\"}]},{\"@type\":\"WebSite\",\"@id\":\"https:\/\/lenhagrill.com.br\/loja\/#website\",\"url\":\"https:\/\/lenhagrill.com.br\/loja\/\",\"name\":\"Lenha Grill\",\"description\":\"Churrasqueiras pr\u00e9-moldadas e fornos a lenha\",\"publisher\":{\"@id\":\"https:\/\/lenhagrill.com.br\/loja\/#organization\"},\"potentialAction\":[{\"@type\":\"SearchAction\",\"target\":{\"@type\":\"EntryPoint\",\"urlTemplate\":\"https:\/\/lenhagrill.com.br\/loja\/?s={search_term_string}\"},\"query-input\":{\"@type\":\"PropertyValueSpecification\",\"valueRequired\":true,\"valueName\":\"search_term_string\"}}],\"inLanguage\":\"pt-BR\"},{\"@type\":\"Organization\",\"@id\":\"https:\/\/lenhagrill.com.br\/loja\/#organization\",\"name\":\"Lenha Grill Churrasqueiras\",\"url\":\"https:\/\/lenhagrill.com.br\/loja\/\",\"logo\":{\"@type\":\"ImageObject\",\"inLanguage\":\"pt-BR\",\"@id\":\"https:\/\/lenhagrill.com.br\/loja\/#\/schema\/logo\/image\/\",\"url\":\"https:\/\/lenhagrill.com.br\/loja\/wp-content\/uploads\/2020\/07\/logo.png\",\"contentUrl\":\"https:\/\/lenhagrill.com.br\/loja\/wp-content\/uploads\/2020\/07\/logo.png\",\"width\":1153,\"height\":1137,\"caption\":\"Lenha Grill Churrasqueiras\"},\"image\":{\"@id\":\"https:\/\/lenhagrill.com.br\/loja\/#\/schema\/logo\/image\/\"},\"sameAs\":[\"https:\/\/www.facebook.com\/LenhaGril\"]}]}<\/script>\n<!-- \/ Yoast SEO plugin. -->","yoast_head_json":{"title":"Conjugado 3 em 1 Cimento Queimado - Lenha Grill","description":"TRIO PR\u00c9 - MOLDADO PINTADO (ESTILO TIJOLINHO)NA COR CIMENTO QUEIMADO","robots":{"index":"index","follow":"follow","max-snippet":"max-snippet:-1","max-image-preview":"max-image-preview:large","max-video-preview":"max-video-preview:-1"},"canonical":"https:\/\/lenhagrill.com.br\/loja\/product\/conjugado-3-em-1-cimento-queimado\/","og_locale":"pt_BR","og_type":"article","og_title":"Conjugado 3 em 1 Cimento Queimado - Lenha Grill","og_description":"TRIO PR\u00c9 - MOLDADO PINTADO (ESTILO TIJOLINHO)NA COR CIMENTO QUEIMADO","og_url":"https:\/\/lenhagrill.com.br\/loja\/product\/conjugado-3-em-1-cimento-queimado\/","og_site_name":"Lenha Grill","article_publisher":"https:\/\/www.facebook.com\/LenhaGril","article_modified_time":"2023-04-05T22:52:45+00:00","og_image":[{"width":960,"height":1280,"url":"https:\/\/lenhagrill.com.br\/loja\/wp-content\/uploads\/2020\/12\/CIMENTO.jpeg","type":"image\/jpeg"}],"twitter_card":"summary_large_image","twitter_misc":{"Est. tempo de leitura":"1 minuto"},"schema":{"@context":"https:\/\/schema.org","@graph":[{"@type":"WebPage","@id":"https:\/\/lenhagrill.com.br\/loja\/product\/conjugado-3-em-1-cimento-queimado\/","url":"https:\/\/lenhagrill.com.br\/loja\/product\/conjugado-3-em-1-cimento-queimado\/","name":"Conjugado 3 em 1 Cimento Queimado - Lenha Grill","isPartOf":{"@id":"https:\/\/lenhagrill.com.br\/loja\/#website"},"primaryImageOfPage":{"@id":"https:\/\/lenhagrill.com.br\/loja\/product\/conjugado-3-em-1-cimento-queimado\/#primaryimage"},"image":{"@id":"https:\/\/lenhagrill.com.br\/loja\/product\/conjugado-3-em-1-cimento-queimado\/#primaryimage"},"thumbnailUrl":"https:\/\/i0.wp.com\/lenhagrill.com.br\/loja\/wp-content\/uploads\/2020\/12\/CIMENTO.jpeg?fit=960%2C1280&ssl=1","datePublished":"2020-12-11T14:12:22+00:00","dateModified":"2023-04-05T22:52:45+00:00","description":"TRIO PR\u00c9 - MOLDADO PINTADO (ESTILO TIJOLINHO)NA COR CIMENTO QUEIMADO","breadcrumb":{"@id":"https:\/\/lenhagrill.com.br\/loja\/product\/conjugado-3-em-1-cimento-queimado\/#breadcrumb"},"inLanguage":"pt-BR","potentialAction":[{"@type":"ReadAction","target":["https:\/\/lenhagrill.com.br\/loja\/product\/conjugado-3-em-1-cimento-queimado\/"]}]},{"@type":"ImageObject","inLanguage":"pt-BR","@id":"https:\/\/lenhagrill.com.br\/loja\/product\/conjugado-3-em-1-cimento-queimado\/#primaryimage","url":"https:\/\/i0.wp.com\/lenhagrill.com.br\/loja\/wp-content\/uploads\/2020\/12\/CIMENTO.jpeg?fit=960%2C1280&ssl=1","contentUrl":"https:\/\/i0.wp.com\/lenhagrill.com.br\/loja\/wp-content\/uploads\/2020\/12\/CIMENTO.jpeg?fit=960%2C1280&ssl=1","width":960,"height":1280},{"@type":"BreadcrumbList","@id":"https:\/\/lenhagrill.com.br\/loja\/product\/conjugado-3-em-1-cimento-queimado\/#breadcrumb","itemListElement":[{"@type":"ListItem","position":1,"name":"In\u00edcio","item":"https:\/\/lenhagrill.com.br\/loja\/"},{"@type":"ListItem","position":2,"name":"Produtos","item":"https:\/\/lenhagrill.com.br\/loja\/shop\/"},{"@type":"ListItem","position":3,"name":"Conjugado 3 em 1 Cimento Queimado"}]},{"@type":"WebSite","@id":"https:\/\/lenhagrill.com.br\/loja\/#website","url":"https:\/\/lenhagrill.com.br\/loja\/","name":"Lenha Grill","description":"Churrasqueiras pr\u00e9-moldadas e fornos a lenha","publisher":{"@id":"https:\/\/lenhagrill.com.br\/loja\/#organization"},"potentialAction":[{"@type":"SearchAction","target":{"@type":"EntryPoint","urlTemplate":"https:\/\/lenhagrill.com.br\/loja\/?s={search_term_string}"},"query-input":{"@type":"PropertyValueSpecification","valueRequired":true,"valueName":"search_term_string"}}],"inLanguage":"pt-BR"},{"@type":"Organization","@id":"https:\/\/lenhagrill.com.br\/loja\/#organization","name":"Lenha Grill Churrasqueiras","url":"https:\/\/lenhagrill.com.br\/loja\/","logo":{"@type":"ImageObject","inLanguage":"pt-BR","@id":"https:\/\/lenhagrill.com.br\/loja\/#\/schema\/logo\/image\/","url":"https:\/\/lenhagrill.com.br\/loja\/wp-content\/uploads\/2020\/07\/logo.png","contentUrl":"https:\/\/lenhagrill.com.br\/loja\/wp-content\/uploads\/2020\/07\/logo.png","width":1153,"height":1137,"caption":"Lenha Grill Churrasqueiras"},"image":{"@id":"https:\/\/lenhagrill.com.br\/loja\/#\/schema\/logo\/image\/"},"sameAs":["https:\/\/www.facebook.com\/LenhaGril"]}]}},"jetpack_sharing_enabled":true,"_links":{"self":[{"href":"https:\/\/lenhagrill.com.br\/loja\/wp-json\/wp\/v2\/product\/378","targetHints":{"allow":["GET"]}}],"collection":[{"href":"https:\/\/lenhagrill.com.br\/loja\/wp-json\/wp\/v2\/product"}],"about":[{"href":"https:\/\/lenhagrill.com.br\/loja\/wp-json\/wp\/v2\/types\/product"}],"replies":[{"embeddable":true,"href":"https:\/\/lenhagrill.com.br\/loja\/wp-json\/wp\/v2\/comments?post=378"}],"wp:featuredmedia":[{"embeddable":true,"href":"https:\/\/lenhagrill.com.br\/loja\/wp-json\/wp\/v2\/media\/379"}],"wp:attachment":[{"href":"https:\/\/lenhagrill.com.br\/loja\/wp-json\/wp\/v2\/media?parent=378"}],"wp:term":[{"taxonomy":"product_brand","embeddable":true,"href":"https:\/\/lenhagrill.com.br\/loja\/wp-json\/wp\/v2\/product_brand?post=378"},{"taxonomy":"product_cat","embeddable":true,"href":"https:\/\/lenhagrill.com.br\/loja\/wp-json\/wp\/v2\/product_cat?post=378"},{"taxonomy":"product_tag","embeddable":true,"href":"https:\/\/lenhagrill.com.br\/loja\/wp-json\/wp\/v2\/product_tag?post=378"}],"curies":[{"name":"wp","href":"https:\/\/api.w.org\/{rel}","templated":true}]}}