{"id":462,"date":"2024-03-12T23:12:08","date_gmt":"2024-03-13T02:12:08","guid":{"rendered":"https:\/\/lenhagrill.com.br\/loja\/?post_type=product&#038;p=462"},"modified":"2024-03-12T23:31:32","modified_gmt":"2024-03-13T02:31:32","slug":"churrasqueira-gourmet-grande-linha-economica-preta","status":"publish","type":"product","link":"https:\/\/lenhagrill.com.br\/loja\/product\/churrasqueira-gourmet-grande-linha-economica-preta\/","title":{"rendered":"CHURRASQUEIRA GOURMET GRANDE LINHA ECON\u00d4MICA PRETA"},"content":{"rendered":"<p>(SEM EXAUSTOR, BRASEIRO 1 CAMADA DE L\u00c3)<br \/>\nChap\u00e9u chines 9&#8243;<br \/>\nDuto redondo 9&#8243;A:120cm<br \/>\nCoifa modelo 03 aguas 100X60X50cm<br \/>\nVidros laterais 500X600X0.8mm<br \/>\nBraseiro blindado 70X40 INOX 430<br \/>\nSuporte fundo 70X40completo C\/G moedas<br \/>\nProduto acompanha suporte completo, Grelha Moeda, suporte moeda, porta espeto com espeto.<\/p>\n<p>R\u00c8GUA ILUINA\u00c7\u00c3O<\/p>\n<p><strong>VALOR R$2.797,00<\/strong><\/p>\n","protected":false},"excerpt":{"rendered":"<p>(SEM EXAUSTOR, BRASEIRO 1 CAMADA DE L\u00c3) Chap\u00e9u chines 9&#8243; Duto redondo 9&#8243;A:120cm Coifa modelo 03 aguas 100X60X50cm Vidros laterais 500X600X0.8mm Braseiro blindado 70X40 INOX 430 Suporte fundo 70X40completo C\/G moedas Produto acompanha suporte completo, Grelha Moeda, suporte moeda, porta espeto com espeto. R\u00c8GUA ILUINA\u00c7\u00c3O VALOR R$2.797,00<\/p>\n","protected":false},"featured_media":459,"comment_status":"open","ping_status":"closed","template":"","meta":{"_joinchat":[]},"product_brand":[],"product_cat":[107],"product_tag":[105,106],"class_list":{"0":"post-462","1":"product","2":"type-product","3":"status-publish","4":"has-post-thumbnail","6":"product_cat-churrasqueiras-gourmet","7":"product_tag-churrasqueira-gourmet-grande","8":"product_tag-gourmet-grande","10":"first","11":"instock","12":"shipping-taxable","13":"product-type-simple"},"yoast_head":"<!-- This site is optimized with the Yoast SEO plugin v26.8 - https:\/\/yoast.com\/product\/yoast-seo-wordpress\/ -->\n<title>CHURRASQUEIRA GOURMET GRANDE LINHA ECON\u00d4MICA PRETA - Lenha Grill<\/title>\n<meta name=\"robots\" content=\"index, follow, max-snippet:-1, max-image-preview:large, max-video-preview:-1\" \/>\n<link rel=\"canonical\" href=\"https:\/\/lenhagrill.com.br\/loja\/product\/churrasqueira-gourmet-grande-linha-economica-preta\/\" \/>\n<meta property=\"og:locale\" content=\"pt_BR\" \/>\n<meta property=\"og:type\" content=\"article\" \/>\n<meta property=\"og:title\" content=\"CHURRASQUEIRA GOURMET GRANDE LINHA ECON\u00d4MICA PRETA - Lenha Grill\" \/>\n<meta property=\"og:description\" content=\"(SEM EXAUSTOR, BRASEIRO 1 CAMADA DE L\u00c3) Chap\u00e9u chines 9&#8243; Duto redondo 9&#8243;A:120cm Coifa modelo 03 aguas 100X60X50cm Vidros laterais 500X600X0.8mm Braseiro blindado 70X40 INOX 430 Suporte fundo 70X40completo C\/G moedas Produto acompanha suporte completo, Grelha Moeda, suporte moeda, porta espeto com espeto. R\u00c8GUA ILUINA\u00c7\u00c3O VALOR R$2.797,00\" \/>\n<meta property=\"og:url\" content=\"https:\/\/lenhagrill.com.br\/loja\/product\/churrasqueira-gourmet-grande-linha-economica-preta\/\" \/>\n<meta property=\"og:site_name\" content=\"Lenha Grill\" \/>\n<meta property=\"article:publisher\" content=\"https:\/\/www.facebook.com\/LenhaGril\" \/>\n<meta property=\"article:modified_time\" content=\"2024-03-13T02:31:32+00:00\" \/>\n<meta property=\"og:image\" content=\"https:\/\/lenhagrill.com.br\/loja\/wp-content\/uploads\/2024\/03\/WhatsApp-Image-2024-03-06-at-15.08.351.jpeg\" \/>\n\t<meta property=\"og:image:width\" content=\"768\" \/>\n\t<meta property=\"og:image:height\" content=\"1184\" \/>\n\t<meta property=\"og:image:type\" content=\"image\/jpeg\" \/>\n<meta name=\"twitter:card\" content=\"summary_large_image\" \/>\n<meta name=\"twitter:label1\" content=\"Est. tempo de leitura\" \/>\n\t<meta name=\"twitter:data1\" content=\"1 minuto\" \/>\n<script type=\"application\/ld+json\" class=\"yoast-schema-graph\">{\"@context\":\"https:\/\/schema.org\",\"@graph\":[{\"@type\":\"WebPage\",\"@id\":\"https:\/\/lenhagrill.com.br\/loja\/product\/churrasqueira-gourmet-grande-linha-economica-preta\/\",\"url\":\"https:\/\/lenhagrill.com.br\/loja\/product\/churrasqueira-gourmet-grande-linha-economica-preta\/\",\"name\":\"CHURRASQUEIRA GOURMET GRANDE LINHA ECON\u00d4MICA PRETA - Lenha Grill\",\"isPartOf\":{\"@id\":\"https:\/\/lenhagrill.com.br\/loja\/#website\"},\"primaryImageOfPage\":{\"@id\":\"https:\/\/lenhagrill.com.br\/loja\/product\/churrasqueira-gourmet-grande-linha-economica-preta\/#primaryimage\"},\"image\":{\"@id\":\"https:\/\/lenhagrill.com.br\/loja\/product\/churrasqueira-gourmet-grande-linha-economica-preta\/#primaryimage\"},\"thumbnailUrl\":\"https:\/\/i0.wp.com\/lenhagrill.com.br\/loja\/wp-content\/uploads\/2024\/03\/WhatsApp-Image-2024-03-06-at-15.08.351.jpeg?fit=768%2C1184&ssl=1\",\"datePublished\":\"2024-03-13T02:12:08+00:00\",\"dateModified\":\"2024-03-13T02:31:32+00:00\",\"breadcrumb\":{\"@id\":\"https:\/\/lenhagrill.com.br\/loja\/product\/churrasqueira-gourmet-grande-linha-economica-preta\/#breadcrumb\"},\"inLanguage\":\"pt-BR\",\"potentialAction\":[{\"@type\":\"ReadAction\",\"target\":[\"https:\/\/lenhagrill.com.br\/loja\/product\/churrasqueira-gourmet-grande-linha-economica-preta\/\"]}]},{\"@type\":\"ImageObject\",\"inLanguage\":\"pt-BR\",\"@id\":\"https:\/\/lenhagrill.com.br\/loja\/product\/churrasqueira-gourmet-grande-linha-economica-preta\/#primaryimage\",\"url\":\"https:\/\/i0.wp.com\/lenhagrill.com.br\/loja\/wp-content\/uploads\/2024\/03\/WhatsApp-Image-2024-03-06-at-15.08.351.jpeg?fit=768%2C1184&ssl=1\",\"contentUrl\":\"https:\/\/i0.wp.com\/lenhagrill.com.br\/loja\/wp-content\/uploads\/2024\/03\/WhatsApp-Image-2024-03-06-at-15.08.351.jpeg?fit=768%2C1184&ssl=1\",\"width\":768,\"height\":1184},{\"@type\":\"BreadcrumbList\",\"@id\":\"https:\/\/lenhagrill.com.br\/loja\/product\/churrasqueira-gourmet-grande-linha-economica-preta\/#breadcrumb\",\"itemListElement\":[{\"@type\":\"ListItem\",\"position\":1,\"name\":\"In\u00edcio\",\"item\":\"https:\/\/lenhagrill.com.br\/loja\/\"},{\"@type\":\"ListItem\",\"position\":2,\"name\":\"Produtos\",\"item\":\"https:\/\/lenhagrill.com.br\/loja\/shop\/\"},{\"@type\":\"ListItem\",\"position\":3,\"name\":\"CHURRASQUEIRA GOURMET GRANDE LINHA ECON\u00d4MICA PRETA\"}]},{\"@type\":\"WebSite\",\"@id\":\"https:\/\/lenhagrill.com.br\/loja\/#website\",\"url\":\"https:\/\/lenhagrill.com.br\/loja\/\",\"name\":\"Lenha Grill\",\"description\":\"Churrasqueiras pr\u00e9-moldadas e fornos a lenha\",\"publisher\":{\"@id\":\"https:\/\/lenhagrill.com.br\/loja\/#organization\"},\"potentialAction\":[{\"@type\":\"SearchAction\",\"target\":{\"@type\":\"EntryPoint\",\"urlTemplate\":\"https:\/\/lenhagrill.com.br\/loja\/?s={search_term_string}\"},\"query-input\":{\"@type\":\"PropertyValueSpecification\",\"valueRequired\":true,\"valueName\":\"search_term_string\"}}],\"inLanguage\":\"pt-BR\"},{\"@type\":\"Organization\",\"@id\":\"https:\/\/lenhagrill.com.br\/loja\/#organization\",\"name\":\"Lenha Grill Churrasqueiras\",\"url\":\"https:\/\/lenhagrill.com.br\/loja\/\",\"logo\":{\"@type\":\"ImageObject\",\"inLanguage\":\"pt-BR\",\"@id\":\"https:\/\/lenhagrill.com.br\/loja\/#\/schema\/logo\/image\/\",\"url\":\"https:\/\/lenhagrill.com.br\/loja\/wp-content\/uploads\/2020\/07\/logo.png\",\"contentUrl\":\"https:\/\/lenhagrill.com.br\/loja\/wp-content\/uploads\/2020\/07\/logo.png\",\"width\":1153,\"height\":1137,\"caption\":\"Lenha Grill Churrasqueiras\"},\"image\":{\"@id\":\"https:\/\/lenhagrill.com.br\/loja\/#\/schema\/logo\/image\/\"},\"sameAs\":[\"https:\/\/www.facebook.com\/LenhaGril\"]}]}<\/script>\n<!-- \/ Yoast SEO plugin. -->","yoast_head_json":{"title":"CHURRASQUEIRA GOURMET GRANDE LINHA ECON\u00d4MICA PRETA - Lenha Grill","robots":{"index":"index","follow":"follow","max-snippet":"max-snippet:-1","max-image-preview":"max-image-preview:large","max-video-preview":"max-video-preview:-1"},"canonical":"https:\/\/lenhagrill.com.br\/loja\/product\/churrasqueira-gourmet-grande-linha-economica-preta\/","og_locale":"pt_BR","og_type":"article","og_title":"CHURRASQUEIRA GOURMET GRANDE LINHA ECON\u00d4MICA PRETA - Lenha Grill","og_description":"(SEM EXAUSTOR, BRASEIRO 1 CAMADA DE L\u00c3) Chap\u00e9u chines 9&#8243; Duto redondo 9&#8243;A:120cm Coifa modelo 03 aguas 100X60X50cm Vidros laterais 500X600X0.8mm Braseiro blindado 70X40 INOX 430 Suporte fundo 70X40completo C\/G moedas Produto acompanha suporte completo, Grelha Moeda, suporte moeda, porta espeto com espeto. R\u00c8GUA ILUINA\u00c7\u00c3O VALOR R$2.797,00","og_url":"https:\/\/lenhagrill.com.br\/loja\/product\/churrasqueira-gourmet-grande-linha-economica-preta\/","og_site_name":"Lenha Grill","article_publisher":"https:\/\/www.facebook.com\/LenhaGril","article_modified_time":"2024-03-13T02:31:32+00:00","og_image":[{"width":768,"height":1184,"url":"https:\/\/lenhagrill.com.br\/loja\/wp-content\/uploads\/2024\/03\/WhatsApp-Image-2024-03-06-at-15.08.351.jpeg","type":"image\/jpeg"}],"twitter_card":"summary_large_image","twitter_misc":{"Est. tempo de leitura":"1 minuto"},"schema":{"@context":"https:\/\/schema.org","@graph":[{"@type":"WebPage","@id":"https:\/\/lenhagrill.com.br\/loja\/product\/churrasqueira-gourmet-grande-linha-economica-preta\/","url":"https:\/\/lenhagrill.com.br\/loja\/product\/churrasqueira-gourmet-grande-linha-economica-preta\/","name":"CHURRASQUEIRA GOURMET GRANDE LINHA ECON\u00d4MICA PRETA - Lenha Grill","isPartOf":{"@id":"https:\/\/lenhagrill.com.br\/loja\/#website"},"primaryImageOfPage":{"@id":"https:\/\/lenhagrill.com.br\/loja\/product\/churrasqueira-gourmet-grande-linha-economica-preta\/#primaryimage"},"image":{"@id":"https:\/\/lenhagrill.com.br\/loja\/product\/churrasqueira-gourmet-grande-linha-economica-preta\/#primaryimage"},"thumbnailUrl":"https:\/\/i0.wp.com\/lenhagrill.com.br\/loja\/wp-content\/uploads\/2024\/03\/WhatsApp-Image-2024-03-06-at-15.08.351.jpeg?fit=768%2C1184&ssl=1","datePublished":"2024-03-13T02:12:08+00:00","dateModified":"2024-03-13T02:31:32+00:00","breadcrumb":{"@id":"https:\/\/lenhagrill.com.br\/loja\/product\/churrasqueira-gourmet-grande-linha-economica-preta\/#breadcrumb"},"inLanguage":"pt-BR","potentialAction":[{"@type":"ReadAction","target":["https:\/\/lenhagrill.com.br\/loja\/product\/churrasqueira-gourmet-grande-linha-economica-preta\/"]}]},{"@type":"ImageObject","inLanguage":"pt-BR","@id":"https:\/\/lenhagrill.com.br\/loja\/product\/churrasqueira-gourmet-grande-linha-economica-preta\/#primaryimage","url":"https:\/\/i0.wp.com\/lenhagrill.com.br\/loja\/wp-content\/uploads\/2024\/03\/WhatsApp-Image-2024-03-06-at-15.08.351.jpeg?fit=768%2C1184&ssl=1","contentUrl":"https:\/\/i0.wp.com\/lenhagrill.com.br\/loja\/wp-content\/uploads\/2024\/03\/WhatsApp-Image-2024-03-06-at-15.08.351.jpeg?fit=768%2C1184&ssl=1","width":768,"height":1184},{"@type":"BreadcrumbList","@id":"https:\/\/lenhagrill.com.br\/loja\/product\/churrasqueira-gourmet-grande-linha-economica-preta\/#breadcrumb","itemListElement":[{"@type":"ListItem","position":1,"name":"In\u00edcio","item":"https:\/\/lenhagrill.com.br\/loja\/"},{"@type":"ListItem","position":2,"name":"Produtos","item":"https:\/\/lenhagrill.com.br\/loja\/shop\/"},{"@type":"ListItem","position":3,"name":"CHURRASQUEIRA GOURMET GRANDE LINHA ECON\u00d4MICA PRETA"}]},{"@type":"WebSite","@id":"https:\/\/lenhagrill.com.br\/loja\/#website","url":"https:\/\/lenhagrill.com.br\/loja\/","name":"Lenha Grill","description":"Churrasqueiras pr\u00e9-moldadas e fornos a lenha","publisher":{"@id":"https:\/\/lenhagrill.com.br\/loja\/#organization"},"potentialAction":[{"@type":"SearchAction","target":{"@type":"EntryPoint","urlTemplate":"https:\/\/lenhagrill.com.br\/loja\/?s={search_term_string}"},"query-input":{"@type":"PropertyValueSpecification","valueRequired":true,"valueName":"search_term_string"}}],"inLanguage":"pt-BR"},{"@type":"Organization","@id":"https:\/\/lenhagrill.com.br\/loja\/#organization","name":"Lenha Grill Churrasqueiras","url":"https:\/\/lenhagrill.com.br\/loja\/","logo":{"@type":"ImageObject","inLanguage":"pt-BR","@id":"https:\/\/lenhagrill.com.br\/loja\/#\/schema\/logo\/image\/","url":"https:\/\/lenhagrill.com.br\/loja\/wp-content\/uploads\/2020\/07\/logo.png","contentUrl":"https:\/\/lenhagrill.com.br\/loja\/wp-content\/uploads\/2020\/07\/logo.png","width":1153,"height":1137,"caption":"Lenha Grill Churrasqueiras"},"image":{"@id":"https:\/\/lenhagrill.com.br\/loja\/#\/schema\/logo\/image\/"},"sameAs":["https:\/\/www.facebook.com\/LenhaGril"]}]}},"jetpack_sharing_enabled":true,"_links":{"self":[{"href":"https:\/\/lenhagrill.com.br\/loja\/wp-json\/wp\/v2\/product\/462","targetHints":{"allow":["GET"]}}],"collection":[{"href":"https:\/\/lenhagrill.com.br\/loja\/wp-json\/wp\/v2\/product"}],"about":[{"href":"https:\/\/lenhagrill.com.br\/loja\/wp-json\/wp\/v2\/types\/product"}],"replies":[{"embeddable":true,"href":"https:\/\/lenhagrill.com.br\/loja\/wp-json\/wp\/v2\/comments?post=462"}],"wp:featuredmedia":[{"embeddable":true,"href":"https:\/\/lenhagrill.com.br\/loja\/wp-json\/wp\/v2\/media\/459"}],"wp:attachment":[{"href":"https:\/\/lenhagrill.com.br\/loja\/wp-json\/wp\/v2\/media?parent=462"}],"wp:term":[{"taxonomy":"product_brand","embeddable":true,"href":"https:\/\/lenhagrill.com.br\/loja\/wp-json\/wp\/v2\/product_brand?post=462"},{"taxonomy":"product_cat","embeddable":true,"href":"https:\/\/lenhagrill.com.br\/loja\/wp-json\/wp\/v2\/product_cat?post=462"},{"taxonomy":"product_tag","embeddable":true,"href":"https:\/\/lenhagrill.com.br\/loja\/wp-json\/wp\/v2\/product_tag?post=462"}],"curies":[{"name":"wp","href":"https:\/\/api.w.org\/{rel}","templated":true}]}}